{"id":4907,"date":"2023-05-29T11:38:22","date_gmt":"2023-05-29T11:38:22","guid":{"rendered":"https:\/\/www.pipfoodgroup.com\/proizvodi\/hulk-cl\/"},"modified":"2025-05-20T06:41:48","modified_gmt":"2025-05-20T06:41:48","slug":"moc-cl","status":"publish","type":"product","link":"https:\/\/www.pipfoodgroup.com\/sl\/proizvodi\/moc-cl\/","title":{"rendered":"Power CL"},"content":{"rendered":"<p>Koncentrirana me\u0161anica za pripravo posebnih vrst kruha in peciva s spirulino, matcho in \u0161pina\u010do brez \u0161tevilk &#8220;E&#8221;.<\/p>\n<h5>Koristi:<\/h5>\n<ul>\n<li>Brez transma\u0161\u010dob<\/li>\n<li>Bogata s semeni in vlakninami<\/li>\n<li>Vir Zn, Se, Mn, Cu in P<\/li>\n<li>Vir beljakovin<\/li>\n<\/ul>\n<p>&nbsp;<\/p>\n<p>&nbsp;<\/p>\n","protected":false},"excerpt":{"rendered":"<p>Koncentrirana me\u0161anica za pripravo posebnih vrst kruha in peciva s spirulino, matcho in \u0161pina\u010do brez \u0161tevilk &#8220;E&#8221;. Koristi: Brez transma\u0161\u010dob Bogata s semeni in vlakninami Vir Zn, Se, Mn, Cu in P Vir beljakovin &nbsp; &nbsp;<\/p>\n","protected":false},"featured_media":6227,"template":"","meta":[],"product_brand":[],"product_cat":[100],"product_tag":[],"class_list":{"0":"post-4907","1":"product","2":"type-product","3":"status-publish","4":"has-post-thumbnail","6":"product_cat-clean-label-sl","8":"first","9":"instock","10":"shipping-taxable","11":"product-type-simple"},"acf":[],"_links":{"self":[{"href":"https:\/\/www.pipfoodgroup.com\/sl\/wp-json\/wp\/v2\/product\/4907","targetHints":{"allow":["GET"]}}],"collection":[{"href":"https:\/\/www.pipfoodgroup.com\/sl\/wp-json\/wp\/v2\/product"}],"about":[{"href":"https:\/\/www.pipfoodgroup.com\/sl\/wp-json\/wp\/v2\/types\/product"}],"wp:featuredmedia":[{"embeddable":true,"href":"https:\/\/www.pipfoodgroup.com\/sl\/wp-json\/wp\/v2\/media\/6227"}],"wp:attachment":[{"href":"https:\/\/www.pipfoodgroup.com\/sl\/wp-json\/wp\/v2\/media?parent=4907"}],"wp:term":[{"taxonomy":"product_brand","embeddable":true,"href":"https:\/\/www.pipfoodgroup.com\/sl\/wp-json\/wp\/v2\/product_brand?post=4907"},{"taxonomy":"product_cat","embeddable":true,"href":"https:\/\/www.pipfoodgroup.com\/sl\/wp-json\/wp\/v2\/product_cat?post=4907"},{"taxonomy":"product_tag","embeddable":true,"href":"https:\/\/www.pipfoodgroup.com\/sl\/wp-json\/wp\/v2\/product_tag?post=4907"}],"curies":[{"name":"wp","href":"https:\/\/api.w.org\/{rel}","templated":true}]}}