{"id":4911,"date":"2023-05-18T07:20:57","date_gmt":"2023-05-18T07:20:57","guid":{"rendered":"https:\/\/www.pipfoodgroup.com\/proizvodi\/protein-mix-kopiraj\/"},"modified":"2025-05-19T07:17:46","modified_gmt":"2025-05-19T07:17:46","slug":"beljakovinska-mesanica-kopija","status":"publish","type":"product","link":"https:\/\/www.pipfoodgroup.com\/sl\/proizvodi\/beljakovinska-mesanica-kopija\/","title":{"rendered":"Beljakovinska me\u0161anica"},"content":{"rendered":"<p><span data-sheets-root=\"1\">Protein Mix je idealen za hitro pripravo pekovskih izdelkov z visoko vsebnostjo beljakovin. Kon\u010dna me\u0161anica olaj\u0161a izdelavo hranljivih peciv. <\/span><\/p>\n<h5>Koristi:<\/h5>\n<ul>\n<li>Dobra uporabnost testa<\/li>\n<li>Bogata z beljakovinami<\/li>\n<li>Bogata z vlakninami<\/li>\n<\/ul>\n","protected":false},"excerpt":{"rendered":"<p>Protein Mix je idealen za hitro pripravo pekovskih izdelkov z visoko vsebnostjo beljakovin. Kon\u010dna me\u0161anica olaj\u0161a izdelavo hranljivih peciv. Koristi: Dobra uporabnost testa Bogata z beljakovinami Bogata z vlakninami<\/p>\n","protected":false},"featured_media":6236,"template":"","meta":[],"product_brand":[],"product_cat":[118],"product_tag":[],"class_list":{"0":"post-4911","1":"product","2":"type-product","3":"status-publish","4":"has-post-thumbnail","6":"product_cat-koncentrirane-in-ze-pripravljene-mesanice","8":"first","9":"instock","10":"shipping-taxable","11":"product-type-simple"},"acf":[],"_links":{"self":[{"href":"https:\/\/www.pipfoodgroup.com\/sl\/wp-json\/wp\/v2\/product\/4911","targetHints":{"allow":["GET"]}}],"collection":[{"href":"https:\/\/www.pipfoodgroup.com\/sl\/wp-json\/wp\/v2\/product"}],"about":[{"href":"https:\/\/www.pipfoodgroup.com\/sl\/wp-json\/wp\/v2\/types\/product"}],"wp:featuredmedia":[{"embeddable":true,"href":"https:\/\/www.pipfoodgroup.com\/sl\/wp-json\/wp\/v2\/media\/6236"}],"wp:attachment":[{"href":"https:\/\/www.pipfoodgroup.com\/sl\/wp-json\/wp\/v2\/media?parent=4911"}],"wp:term":[{"taxonomy":"product_brand","embeddable":true,"href":"https:\/\/www.pipfoodgroup.com\/sl\/wp-json\/wp\/v2\/product_brand?post=4911"},{"taxonomy":"product_cat","embeddable":true,"href":"https:\/\/www.pipfoodgroup.com\/sl\/wp-json\/wp\/v2\/product_cat?post=4911"},{"taxonomy":"product_tag","embeddable":true,"href":"https:\/\/www.pipfoodgroup.com\/sl\/wp-json\/wp\/v2\/product_tag?post=4911"}],"curies":[{"name":"wp","href":"https:\/\/api.w.org\/{rel}","templated":true}]}}