{"id":4921,"date":"2023-03-15T14:28:30","date_gmt":"2023-03-15T14:28:30","guid":{"rendered":"https:\/\/www.pipfoodgroup.com\/proizvodi\/pip-ten\/"},"modified":"2025-05-19T07:43:25","modified_gmt":"2025-05-19T07:43:25","slug":"pip-ten","status":"publish","type":"product","link":"https:\/\/www.pipfoodgroup.com\/sl\/proizvodi\/pip-ten\/","title":{"rendered":"PIP Ten"},"content":{"rendered":"<p><span data-sheets-root=\"1\">Me\u0161anica za temno pecivo, PIP Ten, kot nala\u0161\u010d za izdelavo razli\u010dnih temnih pekovskih izdelkov. Koncentrirana formulacija omogo\u010da enostavno in hitro pripravo. <\/span><\/p>\n<h5>Koristi:<\/h5>\n<ul>\n<li>Temna barva kon\u010dnega izdelka<\/li>\n<li>Izbolj\u0161a aromo<\/li>\n<li>Izbolj\u0161a barvo pekarskih izdelkov<\/li>\n<\/ul>\n","protected":false},"excerpt":{"rendered":"<p>Me\u0161anica za temno pecivo, PIP Ten, kot nala\u0161\u010d za izdelavo razli\u010dnih temnih pekovskih izdelkov. Koncentrirana formulacija omogo\u010da enostavno in hitro pripravo. Koristi: Temna barva kon\u010dnega izdelka Izbolj\u0161a aromo Izbolj\u0161a barvo pekarskih izdelkov<\/p>\n","protected":false},"featured_media":4920,"template":"","meta":[],"product_brand":[],"product_cat":[118],"product_tag":[],"class_list":{"0":"post-4921","1":"product","2":"type-product","3":"status-publish","4":"has-post-thumbnail","6":"product_cat-koncentrirane-in-ze-pripravljene-mesanice","8":"first","9":"instock","10":"shipping-taxable","11":"product-type-simple"},"acf":[],"_links":{"self":[{"href":"https:\/\/www.pipfoodgroup.com\/sl\/wp-json\/wp\/v2\/product\/4921","targetHints":{"allow":["GET"]}}],"collection":[{"href":"https:\/\/www.pipfoodgroup.com\/sl\/wp-json\/wp\/v2\/product"}],"about":[{"href":"https:\/\/www.pipfoodgroup.com\/sl\/wp-json\/wp\/v2\/types\/product"}],"wp:featuredmedia":[{"embeddable":true,"href":"https:\/\/www.pipfoodgroup.com\/sl\/wp-json\/wp\/v2\/media\/4920"}],"wp:attachment":[{"href":"https:\/\/www.pipfoodgroup.com\/sl\/wp-json\/wp\/v2\/media?parent=4921"}],"wp:term":[{"taxonomy":"product_brand","embeddable":true,"href":"https:\/\/www.pipfoodgroup.com\/sl\/wp-json\/wp\/v2\/product_brand?post=4921"},{"taxonomy":"product_cat","embeddable":true,"href":"https:\/\/www.pipfoodgroup.com\/sl\/wp-json\/wp\/v2\/product_cat?post=4921"},{"taxonomy":"product_tag","embeddable":true,"href":"https:\/\/www.pipfoodgroup.com\/sl\/wp-json\/wp\/v2\/product_tag?post=4921"}],"curies":[{"name":"wp","href":"https:\/\/api.w.org\/{rel}","templated":true}]}}