{"id":4925,"date":"2023-03-15T14:28:29","date_gmt":"2023-03-15T14:28:29","guid":{"rendered":"https:\/\/www.pipfoodgroup.com\/proizvodi\/milky-mix\/"},"modified":"2025-05-19T07:39:52","modified_gmt":"2025-05-19T07:39:52","slug":"milky-mix","status":"publish","type":"product","link":"https:\/\/www.pipfoodgroup.com\/sl\/proizvodi\/milky-mix\/","title":{"rendered":"Milky Mix"},"content":{"rendered":"<p>Koncentrirana me\u0161anica za pripravo mle\u010dnega kruha in mle\u010dnega peciva. Zagotavlja bogat okus in popolno teksturo za vse vrste mle\u010dnih pekovskih izdelkov. <\/p>\n<h5>Koristi:<\/h5>\n<ul>\n<li>Prijetna aroma<\/li>\n<li>Dolgotrajna sve\u017eina<\/li>\n<li>Mo\u017enost priprave mle\u010dnega toast kruha<\/li>\n<li>Visok dele\u017e mleka v izdelku<\/li>\n<\/ul>\n","protected":false},"excerpt":{"rendered":"<h2><span data-sheets-root=\"1\" data-sheets-value=\"{\"1\":2,\"2\":\"Koncentrovana sme\u0161a za pripremu mle\u010dnog hleba - Milky Mix\"}\" data-sheets-userformat=\"{\"2\":8961,\"3\":{\"1\":0},\"11\":4,\"12\":0,\"16\":9}\">Me\u0161anica koncentriranega mle\u010dnega peciva &#8211; mle\u010dna me\u0161anica<\/span><\/h2>\n","protected":false},"featured_media":4531,"template":"","meta":[],"product_brand":[],"product_cat":[118],"product_tag":[],"class_list":{"0":"post-4925","1":"product","2":"type-product","3":"status-publish","4":"has-post-thumbnail","6":"product_cat-koncentrirane-in-ze-pripravljene-mesanice","8":"first","9":"instock","10":"shipping-taxable","11":"product-type-simple"},"acf":[],"_links":{"self":[{"href":"https:\/\/www.pipfoodgroup.com\/sl\/wp-json\/wp\/v2\/product\/4925","targetHints":{"allow":["GET"]}}],"collection":[{"href":"https:\/\/www.pipfoodgroup.com\/sl\/wp-json\/wp\/v2\/product"}],"about":[{"href":"https:\/\/www.pipfoodgroup.com\/sl\/wp-json\/wp\/v2\/types\/product"}],"wp:featuredmedia":[{"embeddable":true,"href":"https:\/\/www.pipfoodgroup.com\/sl\/wp-json\/wp\/v2\/media\/4531"}],"wp:attachment":[{"href":"https:\/\/www.pipfoodgroup.com\/sl\/wp-json\/wp\/v2\/media?parent=4925"}],"wp:term":[{"taxonomy":"product_brand","embeddable":true,"href":"https:\/\/www.pipfoodgroup.com\/sl\/wp-json\/wp\/v2\/product_brand?post=4925"},{"taxonomy":"product_cat","embeddable":true,"href":"https:\/\/www.pipfoodgroup.com\/sl\/wp-json\/wp\/v2\/product_cat?post=4925"},{"taxonomy":"product_tag","embeddable":true,"href":"https:\/\/www.pipfoodgroup.com\/sl\/wp-json\/wp\/v2\/product_tag?post=4925"}],"curies":[{"name":"wp","href":"https:\/\/api.w.org\/{rel}","templated":true}]}}