{"id":4928,"date":"2023-03-15T14:28:28","date_gmt":"2023-03-15T14:28:28","guid":{"rendered":"https:\/\/www.pipfoodgroup.com\/proizvodi\/hambi-mix\/"},"modified":"2023-09-14T06:41:53","modified_gmt":"2023-09-14T06:41:53","slug":"hambi-mix","status":"publish","type":"product","link":"https:\/\/www.pipfoodgroup.com\/sl\/proizvodi\/hambi-mix\/","title":{"rendered":"Hambi Mix"},"content":{"rendered":"<p>Koncentrirana me\u0161anica za pripravo burger \u017eemljic in peciva dolgotrajne sve\u017eine.<\/p>\n","protected":false},"excerpt":{"rendered":"<p>Koncentrirana me\u0161anica za pripravo burger \u017eemljic in peciva dolgotrajne sve\u017eine.<\/p>\n","protected":false},"featured_media":4602,"template":"","meta":[],"product_brand":[],"product_cat":[118],"product_tag":[],"class_list":{"0":"post-4928","1":"product","2":"type-product","3":"status-publish","4":"has-post-thumbnail","6":"product_cat-koncentrirane-in-ze-pripravljene-mesanice","8":"first","9":"instock","10":"shipping-taxable","11":"product-type-simple"},"acf":[],"_links":{"self":[{"href":"https:\/\/www.pipfoodgroup.com\/sl\/wp-json\/wp\/v2\/product\/4928","targetHints":{"allow":["GET"]}}],"collection":[{"href":"https:\/\/www.pipfoodgroup.com\/sl\/wp-json\/wp\/v2\/product"}],"about":[{"href":"https:\/\/www.pipfoodgroup.com\/sl\/wp-json\/wp\/v2\/types\/product"}],"wp:featuredmedia":[{"embeddable":true,"href":"https:\/\/www.pipfoodgroup.com\/sl\/wp-json\/wp\/v2\/media\/4602"}],"wp:attachment":[{"href":"https:\/\/www.pipfoodgroup.com\/sl\/wp-json\/wp\/v2\/media?parent=4928"}],"wp:term":[{"taxonomy":"product_brand","embeddable":true,"href":"https:\/\/www.pipfoodgroup.com\/sl\/wp-json\/wp\/v2\/product_brand?post=4928"},{"taxonomy":"product_cat","embeddable":true,"href":"https:\/\/www.pipfoodgroup.com\/sl\/wp-json\/wp\/v2\/product_cat?post=4928"},{"taxonomy":"product_tag","embeddable":true,"href":"https:\/\/www.pipfoodgroup.com\/sl\/wp-json\/wp\/v2\/product_tag?post=4928"}],"curies":[{"name":"wp","href":"https:\/\/api.w.org\/{rel}","templated":true}]}}