{"id":4929,"date":"2023-03-15T14:28:28","date_gmt":"2023-03-15T14:28:28","guid":{"rendered":"https:\/\/www.pipfoodgroup.com\/proizvodi\/hambi-mix-vege\/"},"modified":"2025-05-19T08:07:47","modified_gmt":"2025-05-19T08:07:47","slug":"hambi-mix-veggie","status":"publish","type":"product","link":"https:\/\/www.pipfoodgroup.com\/sl\/proizvodi\/hambi-mix-veggie\/","title":{"rendered":"Hambi Mix Veggie"},"content":{"rendered":"<p><span data-sheets-root=\"1\">Koncentrirana me\u0161anica za pripravo vegetarijanskih burgerjev, idealna za post in zdrave obroke. Pripravite okusne vegetarijanske \u017eemljice s preprosto me\u0161anico testa. <\/span><\/p>\n<h5>Koristi:<\/h5>\n<ul>\n<li>Primerno za vegetarijansko in vegetarijansko prehrano<\/li>\n<li>Izrazita sve\u017eina<\/li>\n<li>To je dobra glasnost<\/li>\n<li>Mo\u017enost zamrzovanja in odmrzovanja<\/li>\n<li>Mo\u017enost pakiranja z dalj\u0161im rokom uporabnosti, v kombinaciji s konzerviranimi izdelki<\/li>\n<li>Mo\u017enost kombiniranja s celimi obroki<\/li>\n<\/ul>\n","protected":false},"excerpt":{"rendered":"<p>Koncentrirana me\u0161anica za pripravo vegetarijanskih burgerjev, idealna za post in zdrave obroke. Pripravite okusne vegetarijanske \u017eemljice s preprosto me\u0161anico testa. Koristi: Primerno za vegetarijansko in vegetarijansko prehrano Izrazita sve\u017eina To je dobra glasnost Mo\u017enost zamrzovanja in odmrzovanja Mo\u017enost pakiranja z dalj\u0161im rokom uporabnosti, v kombinaciji s konzerviranimi izdelki Mo\u017enost kombiniranja s celimi obroki<\/p>\n","protected":false},"featured_media":4604,"template":"","meta":[],"product_brand":[],"product_cat":[118],"product_tag":[],"class_list":{"0":"post-4929","1":"product","2":"type-product","3":"status-publish","4":"has-post-thumbnail","6":"product_cat-koncentrirane-in-ze-pripravljene-mesanice","8":"first","9":"instock","10":"shipping-taxable","11":"product-type-simple"},"acf":[],"_links":{"self":[{"href":"https:\/\/www.pipfoodgroup.com\/sl\/wp-json\/wp\/v2\/product\/4929","targetHints":{"allow":["GET"]}}],"collection":[{"href":"https:\/\/www.pipfoodgroup.com\/sl\/wp-json\/wp\/v2\/product"}],"about":[{"href":"https:\/\/www.pipfoodgroup.com\/sl\/wp-json\/wp\/v2\/types\/product"}],"wp:featuredmedia":[{"embeddable":true,"href":"https:\/\/www.pipfoodgroup.com\/sl\/wp-json\/wp\/v2\/media\/4604"}],"wp:attachment":[{"href":"https:\/\/www.pipfoodgroup.com\/sl\/wp-json\/wp\/v2\/media?parent=4929"}],"wp:term":[{"taxonomy":"product_brand","embeddable":true,"href":"https:\/\/www.pipfoodgroup.com\/sl\/wp-json\/wp\/v2\/product_brand?post=4929"},{"taxonomy":"product_cat","embeddable":true,"href":"https:\/\/www.pipfoodgroup.com\/sl\/wp-json\/wp\/v2\/product_cat?post=4929"},{"taxonomy":"product_tag","embeddable":true,"href":"https:\/\/www.pipfoodgroup.com\/sl\/wp-json\/wp\/v2\/product_tag?post=4929"}],"curies":[{"name":"wp","href":"https:\/\/api.w.org\/{rel}","templated":true}]}}