{"id":4930,"date":"2023-03-15T14:28:28","date_gmt":"2023-03-15T14:28:28","guid":{"rendered":"https:\/\/www.pipfoodgroup.com\/proizvodi\/iskon-durum\/"},"modified":"2025-05-19T08:04:41","modified_gmt":"2025-05-19T08:04:41","slug":"iskon-durum","status":"publish","type":"product","link":"https:\/\/www.pipfoodgroup.com\/sl\/proizvodi\/iskon-durum\/","title":{"rendered":"Iskon Durum"},"content":{"rendered":"<p><span data-sheets-root=\"1\">Koncentrirana me\u0161anica za poga\u010de, bagete in doma\u010di kruh zagotavlja pristen okus in teksturo. Idealno za enostavno in hitro pripravo tradicionalnega kruha v pekarnah. <\/span><\/p>\n<h5>Koristi:<\/h5>\n<ul>\n<li>Vsebuje suho kislo testo Durum<\/li>\n<li>Velika mo\u010d za absorpcijo vode<\/li>\n<li>Prijetna aroma kislega testa<\/li>\n<li>Srednji razvoj in odli\u010den obseg<\/li>\n<\/ul>\n","protected":false},"excerpt":{"rendered":"<p>Koncentrirana me\u0161anica za poga\u010de, bagete in doma\u010di kruh zagotavlja pristen okus in teksturo. Idealno za enostavno in hitro pripravo tradicionalnega kruha v pekarnah. Koristi: Vsebuje suho kislo testo Durum Velika mo\u010d za absorpcijo vode Prijetna aroma kislega testa Srednji razvoj in odli\u010den obseg<\/p>\n","protected":false},"featured_media":6693,"template":"","meta":[],"product_brand":[],"product_cat":[118],"product_tag":[],"class_list":{"0":"post-4930","1":"product","2":"type-product","3":"status-publish","4":"has-post-thumbnail","6":"product_cat-koncentrirane-in-ze-pripravljene-mesanice","8":"first","9":"instock","10":"shipping-taxable","11":"product-type-simple"},"acf":[],"_links":{"self":[{"href":"https:\/\/www.pipfoodgroup.com\/sl\/wp-json\/wp\/v2\/product\/4930","targetHints":{"allow":["GET"]}}],"collection":[{"href":"https:\/\/www.pipfoodgroup.com\/sl\/wp-json\/wp\/v2\/product"}],"about":[{"href":"https:\/\/www.pipfoodgroup.com\/sl\/wp-json\/wp\/v2\/types\/product"}],"wp:featuredmedia":[{"embeddable":true,"href":"https:\/\/www.pipfoodgroup.com\/sl\/wp-json\/wp\/v2\/media\/6693"}],"wp:attachment":[{"href":"https:\/\/www.pipfoodgroup.com\/sl\/wp-json\/wp\/v2\/media?parent=4930"}],"wp:term":[{"taxonomy":"product_brand","embeddable":true,"href":"https:\/\/www.pipfoodgroup.com\/sl\/wp-json\/wp\/v2\/product_brand?post=4930"},{"taxonomy":"product_cat","embeddable":true,"href":"https:\/\/www.pipfoodgroup.com\/sl\/wp-json\/wp\/v2\/product_cat?post=4930"},{"taxonomy":"product_tag","embeddable":true,"href":"https:\/\/www.pipfoodgroup.com\/sl\/wp-json\/wp\/v2\/product_tag?post=4930"}],"curies":[{"name":"wp","href":"https:\/\/api.w.org\/{rel}","templated":true}]}}