{"id":4934,"date":"2023-03-15T14:28:27","date_gmt":"2023-03-15T14:28:27","guid":{"rendered":"https:\/\/www.pipfoodgroup.com\/proizvodi\/corn-plus\/"},"modified":"2025-05-19T07:58:10","modified_gmt":"2025-05-19T07:58:10","slug":"corn-plus","status":"publish","type":"product","link":"https:\/\/www.pipfoodgroup.com\/sl\/proizvodi\/corn-plus\/","title":{"rendered":"Corn Plus"},"content":{"rendered":"<p>Koncentrirana me\u0161anica za pripravo me\u0161anih vrst koruze kruha in peciva.<\/p>\n<h5>Koristi:<\/h5>\n<ul>\n<li>Dobra uporabnost testa<\/li>\n<li>Mo\u017enost zapoznelega pe\u010denja<\/li>\n<li>To je dobra glasnost<\/li>\n<\/ul>\n","protected":false},"excerpt":{"rendered":"<p>Koncentrirana me\u0161anica za pripravo me\u0161anih vrst koruze kruha in peciva. Koristi: Dobra uporabnost testa Mo\u017enost zapoznelega pe\u010denja To je dobra glasnost<\/p>\n","protected":false},"featured_media":4546,"template":"","meta":[],"product_brand":[],"product_cat":[118],"product_tag":[],"class_list":{"0":"post-4934","1":"product","2":"type-product","3":"status-publish","4":"has-post-thumbnail","6":"product_cat-koncentrirane-in-ze-pripravljene-mesanice","8":"first","9":"instock","10":"shipping-taxable","11":"product-type-simple"},"acf":[],"_links":{"self":[{"href":"https:\/\/www.pipfoodgroup.com\/sl\/wp-json\/wp\/v2\/product\/4934","targetHints":{"allow":["GET"]}}],"collection":[{"href":"https:\/\/www.pipfoodgroup.com\/sl\/wp-json\/wp\/v2\/product"}],"about":[{"href":"https:\/\/www.pipfoodgroup.com\/sl\/wp-json\/wp\/v2\/types\/product"}],"wp:featuredmedia":[{"embeddable":true,"href":"https:\/\/www.pipfoodgroup.com\/sl\/wp-json\/wp\/v2\/media\/4546"}],"wp:attachment":[{"href":"https:\/\/www.pipfoodgroup.com\/sl\/wp-json\/wp\/v2\/media?parent=4934"}],"wp:term":[{"taxonomy":"product_brand","embeddable":true,"href":"https:\/\/www.pipfoodgroup.com\/sl\/wp-json\/wp\/v2\/product_brand?post=4934"},{"taxonomy":"product_cat","embeddable":true,"href":"https:\/\/www.pipfoodgroup.com\/sl\/wp-json\/wp\/v2\/product_cat?post=4934"},{"taxonomy":"product_tag","embeddable":true,"href":"https:\/\/www.pipfoodgroup.com\/sl\/wp-json\/wp\/v2\/product_tag?post=4934"}],"curies":[{"name":"wp","href":"https:\/\/api.w.org\/{rel}","templated":true}]}}