{"id":4939,"date":"2023-03-15T14:28:24","date_gmt":"2023-03-15T14:28:24","guid":{"rendered":"https:\/\/www.pipfoodgroup.com\/proizvodi\/nera\/"},"modified":"2025-05-19T08:27:45","modified_gmt":"2025-05-19T08:27:45","slug":"nera","status":"publish","type":"product","link":"https:\/\/www.pipfoodgroup.com\/sl\/proizvodi\/nera\/","title":{"rendered":"Nera"},"content":{"rendered":"<p><span data-sheets-root=\"1\">Zme\u0161ajte za temno pecivo in temen kruh s p\u0161eni\u010dnimi otrobi. Idealna izbira za bogato teksturo in okus, primerna za razli\u010dne temne pekovske izdelke. <\/span><\/p>\n<h5>Koristi:<\/h5>\n<ul>\n<li>Izdelki so temnej\u0161e barve<\/li>\n<li>Dolgotrajna sve\u017eina in volumen<\/li>\n<li>Pristen okus<\/li>\n<li>Vidni deli semen na prerezu<\/li>\n<\/ul>\n","protected":false},"excerpt":{"rendered":"<p>Zme\u0161ajte za temno pecivo in temen kruh s p\u0161eni\u010dnimi otrobi. Idealna izbira za bogato teksturo in okus, primerna za razli\u010dne temne pekovske izdelke. Koristi: Izdelki so temnej\u0161e barve Dolgotrajna sve\u017eina in volumen Pristen okus Vidni deli semen na prerezu<\/p>\n","protected":false},"featured_media":4548,"template":"","meta":[],"product_brand":[],"product_cat":[118],"product_tag":[],"class_list":{"0":"post-4939","1":"product","2":"type-product","3":"status-publish","4":"has-post-thumbnail","6":"product_cat-koncentrirane-in-ze-pripravljene-mesanice","8":"first","9":"instock","10":"shipping-taxable","11":"product-type-simple"},"acf":[],"_links":{"self":[{"href":"https:\/\/www.pipfoodgroup.com\/sl\/wp-json\/wp\/v2\/product\/4939","targetHints":{"allow":["GET"]}}],"collection":[{"href":"https:\/\/www.pipfoodgroup.com\/sl\/wp-json\/wp\/v2\/product"}],"about":[{"href":"https:\/\/www.pipfoodgroup.com\/sl\/wp-json\/wp\/v2\/types\/product"}],"wp:featuredmedia":[{"embeddable":true,"href":"https:\/\/www.pipfoodgroup.com\/sl\/wp-json\/wp\/v2\/media\/4548"}],"wp:attachment":[{"href":"https:\/\/www.pipfoodgroup.com\/sl\/wp-json\/wp\/v2\/media?parent=4939"}],"wp:term":[{"taxonomy":"product_brand","embeddable":true,"href":"https:\/\/www.pipfoodgroup.com\/sl\/wp-json\/wp\/v2\/product_brand?post=4939"},{"taxonomy":"product_cat","embeddable":true,"href":"https:\/\/www.pipfoodgroup.com\/sl\/wp-json\/wp\/v2\/product_cat?post=4939"},{"taxonomy":"product_tag","embeddable":true,"href":"https:\/\/www.pipfoodgroup.com\/sl\/wp-json\/wp\/v2\/product_tag?post=4939"}],"curies":[{"name":"wp","href":"https:\/\/api.w.org\/{rel}","templated":true}]}}