{"id":4945,"date":"2023-03-15T14:27:16","date_gmt":"2023-03-15T14:27:16","guid":{"rendered":"https:\/\/www.pipfoodgroup.com\/proizvodi\/control-cl\/"},"modified":"2025-05-20T06:41:59","modified_gmt":"2025-05-20T06:41:59","slug":"control-cl","status":"publish","type":"product","link":"https:\/\/www.pipfoodgroup.com\/sl\/proizvodi\/control-cl\/","title":{"rendered":"Control CL"},"content":{"rendered":"<p>Izbolj\u0161evalec za pripravo peciva in kruha brez \u0161tevilk E, dolgotrajna sve\u017eina in trajnost.<\/p>\n<h5>Koristi:<\/h5>\n<ul>\n<li>Izbolj\u0161ane preskusne funkcije med obdelavo<\/li>\n<li>Odli\u010den volumen<\/li>\n<\/ul>\n","protected":false},"excerpt":{"rendered":"<p>Izbolj\u0161evalec za pripravo peciva in kruha brez \u0161tevilk E, dolgotrajna sve\u017eina in trajnost. Koristi: Izbolj\u0161ane preskusne funkcije med obdelavo Odli\u010den volumen<\/p>\n","protected":false},"featured_media":4640,"template":"","meta":[],"product_brand":[],"product_cat":[100],"product_tag":[],"class_list":{"0":"post-4945","1":"product","2":"type-product","3":"status-publish","4":"has-post-thumbnail","6":"product_cat-clean-label-sl","8":"first","9":"instock","10":"shipping-taxable","11":"product-type-simple"},"acf":[],"_links":{"self":[{"href":"https:\/\/www.pipfoodgroup.com\/sl\/wp-json\/wp\/v2\/product\/4945","targetHints":{"allow":["GET"]}}],"collection":[{"href":"https:\/\/www.pipfoodgroup.com\/sl\/wp-json\/wp\/v2\/product"}],"about":[{"href":"https:\/\/www.pipfoodgroup.com\/sl\/wp-json\/wp\/v2\/types\/product"}],"wp:featuredmedia":[{"embeddable":true,"href":"https:\/\/www.pipfoodgroup.com\/sl\/wp-json\/wp\/v2\/media\/4640"}],"wp:attachment":[{"href":"https:\/\/www.pipfoodgroup.com\/sl\/wp-json\/wp\/v2\/media?parent=4945"}],"wp:term":[{"taxonomy":"product_brand","embeddable":true,"href":"https:\/\/www.pipfoodgroup.com\/sl\/wp-json\/wp\/v2\/product_brand?post=4945"},{"taxonomy":"product_cat","embeddable":true,"href":"https:\/\/www.pipfoodgroup.com\/sl\/wp-json\/wp\/v2\/product_cat?post=4945"},{"taxonomy":"product_tag","embeddable":true,"href":"https:\/\/www.pipfoodgroup.com\/sl\/wp-json\/wp\/v2\/product_tag?post=4945"}],"curies":[{"name":"wp","href":"https:\/\/api.w.org\/{rel}","templated":true}]}}