{"id":4966,"date":"2023-03-15T14:27:13","date_gmt":"2023-03-15T14:27:13","guid":{"rendered":"https:\/\/www.pipfoodgroup.com\/proizvodi\/corn-decor\/"},"modified":"2025-06-27T09:46:05","modified_gmt":"2025-06-27T09:46:05","slug":"corn-decor","status":"publish","type":"product","link":"https:\/\/www.pipfoodgroup.com\/sl\/proizvodi\/corn-decor\/","title":{"rendered":"Koruzni dekor &#8211; Master baker"},"content":{"rendered":"<p><span data-sheets-root=\"1\">Koruzno \u0161kropljenje za kruh in pecivo, primerno za razli\u010dne pekovske izdelke. Potresemo mleto koruzno flips doda edinstven videz in hranilno vrednost. <\/span><\/p>\n<h5>Koristi:<\/h5>\n<ul>\n<li>Povr\u0161inska dekoracija pekarskih izdelkov<\/li>\n<li>Dodajanje zamesa v koli\u010dini od 5 do 15%, izra\u010dunano na maso uporabljene moke<\/li>\n<\/ul>\n","protected":false},"excerpt":{"rendered":"<p>Koruzno \u0161kropljenje za kruh in pecivo, primerno za razli\u010dne pekovske izdelke. Potresemo mleto koruzno flips doda edinstven videz in hranilno vrednost. Koristi: Povr\u0161inska dekoracija pekarskih izdelkov Dodajanje zamesa v koli\u010dini od 5 do 15%, izra\u010dunano na maso uporabljene moke<\/p>\n","protected":false},"featured_media":6648,"template":"","meta":[],"product_brand":[],"product_cat":[103],"product_tag":[],"class_list":{"0":"post-4966","1":"product","2":"type-product","3":"status-publish","4":"has-post-thumbnail","6":"product_cat-master-baker-sl","8":"first","9":"instock","10":"shipping-taxable","11":"product-type-simple"},"acf":[],"_links":{"self":[{"href":"https:\/\/www.pipfoodgroup.com\/sl\/wp-json\/wp\/v2\/product\/4966","targetHints":{"allow":["GET"]}}],"collection":[{"href":"https:\/\/www.pipfoodgroup.com\/sl\/wp-json\/wp\/v2\/product"}],"about":[{"href":"https:\/\/www.pipfoodgroup.com\/sl\/wp-json\/wp\/v2\/types\/product"}],"wp:featuredmedia":[{"embeddable":true,"href":"https:\/\/www.pipfoodgroup.com\/sl\/wp-json\/wp\/v2\/media\/6648"}],"wp:attachment":[{"href":"https:\/\/www.pipfoodgroup.com\/sl\/wp-json\/wp\/v2\/media?parent=4966"}],"wp:term":[{"taxonomy":"product_brand","embeddable":true,"href":"https:\/\/www.pipfoodgroup.com\/sl\/wp-json\/wp\/v2\/product_brand?post=4966"},{"taxonomy":"product_cat","embeddable":true,"href":"https:\/\/www.pipfoodgroup.com\/sl\/wp-json\/wp\/v2\/product_cat?post=4966"},{"taxonomy":"product_tag","embeddable":true,"href":"https:\/\/www.pipfoodgroup.com\/sl\/wp-json\/wp\/v2\/product_tag?post=4966"}],"curies":[{"name":"wp","href":"https:\/\/api.w.org\/{rel}","templated":true}]}}