{"id":4979,"date":"2023-03-15T14:25:55","date_gmt":"2023-03-15T14:25:55","guid":{"rendered":"https:\/\/www.pipfoodgroup.com\/proizvodi\/tres-leches-karamel\/"},"modified":"2025-05-20T06:58:15","modified_gmt":"2025-05-20T06:58:15","slug":"tres-leches-karamela","status":"publish","type":"product","link":"https:\/\/www.pipfoodgroup.com\/sl\/proizvodi\/tres-leches-karamela\/","title":{"rendered":"Tri le\u010de karamelni preliv Master Baker"},"content":{"rendered":"<p><span data-sheets-root=\"1\">Karamelni preliv s tremi le\u010dami, kot nala\u0161\u010d za glazuro in dekoracijo. Primeren za preliv torte s tremi le\u010dami in drugih dobrot, dodaja bogastvo in okus. <\/span><\/p>\n<h5>Koristi:<\/h5>\n<ul>\n<li>Steklast sijaj<\/li>\n<\/ul>\n","protected":false},"excerpt":{"rendered":"<p>Karamelni preliv s tremi le\u010dami, kot nala\u0161\u010d za glazuro in dekoracijo. Primeren za preliv torte s tremi le\u010dami in drugih dobrot, dodaja bogastvo in okus. Koristi: Steklast sijaj<\/p>\n","protected":false},"featured_media":6601,"template":"","meta":[],"product_brand":[],"product_cat":[103],"product_tag":[],"class_list":{"0":"post-4979","1":"product","2":"type-product","3":"status-publish","4":"has-post-thumbnail","6":"product_cat-master-baker-sl","8":"first","9":"instock","10":"shipping-taxable","11":"product-type-simple"},"acf":[],"_links":{"self":[{"href":"https:\/\/www.pipfoodgroup.com\/sl\/wp-json\/wp\/v2\/product\/4979","targetHints":{"allow":["GET"]}}],"collection":[{"href":"https:\/\/www.pipfoodgroup.com\/sl\/wp-json\/wp\/v2\/product"}],"about":[{"href":"https:\/\/www.pipfoodgroup.com\/sl\/wp-json\/wp\/v2\/types\/product"}],"wp:featuredmedia":[{"embeddable":true,"href":"https:\/\/www.pipfoodgroup.com\/sl\/wp-json\/wp\/v2\/media\/6601"}],"wp:attachment":[{"href":"https:\/\/www.pipfoodgroup.com\/sl\/wp-json\/wp\/v2\/media?parent=4979"}],"wp:term":[{"taxonomy":"product_brand","embeddable":true,"href":"https:\/\/www.pipfoodgroup.com\/sl\/wp-json\/wp\/v2\/product_brand?post=4979"},{"taxonomy":"product_cat","embeddable":true,"href":"https:\/\/www.pipfoodgroup.com\/sl\/wp-json\/wp\/v2\/product_cat?post=4979"},{"taxonomy":"product_tag","embeddable":true,"href":"https:\/\/www.pipfoodgroup.com\/sl\/wp-json\/wp\/v2\/product_tag?post=4979"}],"curies":[{"name":"wp","href":"https:\/\/api.w.org\/{rel}","templated":true}]}}