{"id":4980,"date":"2023-03-15T14:25:55","date_gmt":"2023-03-15T14:25:55","guid":{"rendered":"https:\/\/www.pipfoodgroup.com\/proizvodi\/krem-za-mazanje-i-punjenje\/"},"modified":"2026-03-05T11:03:58","modified_gmt":"2026-03-05T11:03:58","slug":"krema-za-mazanje-in-polnjenje","status":"publish","type":"product","link":"https:\/\/www.pipfoodgroup.com\/sl\/proizvodi\/krema-za-mazanje-in-polnjenje\/","title":{"rendered":"Krema za mazanje in polnjenje \u2013 Master Baker"},"content":{"rendered":"<p><span data-sheets-root=\"1\">Kakovostna krema za polnjenje in okrasitev krofov in razli\u010dnih sladic, primerna za pekarsko industrijo in sla\u0161\u010di\u010darstvo.<\/span><\/p>\n<h5>Koristi:<\/h5>\n<ul>\n<li>Bogata, polna okusa in arome<\/li>\n<li>Gostota po meri<\/li>\n<\/ul>\n","protected":false},"excerpt":{"rendered":"<p>Kakovostna krema za polnjenje in okrasitev krofov in razli\u010dnih sladic, primerna za pekarsko industrijo in sla\u0161\u010di\u010darstvo. Koristi: Bogata, polna okusa in arome Gostota po meri<\/p>\n","protected":false},"featured_media":6552,"template":"","meta":[],"product_brand":[],"product_cat":[103],"product_tag":[],"class_list":{"0":"post-4980","1":"product","2":"type-product","3":"status-publish","4":"has-post-thumbnail","6":"product_cat-master-baker-sl","8":"first","9":"instock","10":"shipping-taxable","11":"product-type-simple"},"acf":[],"_links":{"self":[{"href":"https:\/\/www.pipfoodgroup.com\/sl\/wp-json\/wp\/v2\/product\/4980","targetHints":{"allow":["GET"]}}],"collection":[{"href":"https:\/\/www.pipfoodgroup.com\/sl\/wp-json\/wp\/v2\/product"}],"about":[{"href":"https:\/\/www.pipfoodgroup.com\/sl\/wp-json\/wp\/v2\/types\/product"}],"wp:featuredmedia":[{"embeddable":true,"href":"https:\/\/www.pipfoodgroup.com\/sl\/wp-json\/wp\/v2\/media\/6552"}],"wp:attachment":[{"href":"https:\/\/www.pipfoodgroup.com\/sl\/wp-json\/wp\/v2\/media?parent=4980"}],"wp:term":[{"taxonomy":"product_brand","embeddable":true,"href":"https:\/\/www.pipfoodgroup.com\/sl\/wp-json\/wp\/v2\/product_brand?post=4980"},{"taxonomy":"product_cat","embeddable":true,"href":"https:\/\/www.pipfoodgroup.com\/sl\/wp-json\/wp\/v2\/product_cat?post=4980"},{"taxonomy":"product_tag","embeddable":true,"href":"https:\/\/www.pipfoodgroup.com\/sl\/wp-json\/wp\/v2\/product_tag?post=4980"}],"curies":[{"name":"wp","href":"https:\/\/api.w.org\/{rel}","templated":true}]}}