{"id":4990,"date":"2023-03-15T14:25:53","date_gmt":"2023-03-15T14:25:53","guid":{"rendered":"https:\/\/www.pipfoodgroup.com\/proizvodi\/triumf-prevent\/"},"modified":"2025-05-20T06:44:18","modified_gmt":"2025-05-20T06:44:18","slug":"triumf-prevent","status":"publish","type":"product","link":"https:\/\/www.pipfoodgroup.com\/sl\/proizvodi\/triumf-prevent\/","title":{"rendered":"Triumf Prevent"},"content":{"rendered":"<p>Pripravljena me\u0161anica za pripravo posebnih vrst kruha brez \u0161tevilk E, s pove\u010dano vsebnostjo vlaknin in beljakovin ter zmanj\u0161ano vsebnostjo nasi\u010denih ma\u0161\u010dobnih kislin.<\/p>\n<h5>Koristi:<\/h5>\n<ul>\n<li>Topna vlakna iz gumijaste akacije<\/li>\n<li>Prebioti\u010dni u\u010dinek<\/li>\n<li>Velika mo\u010d za absorpcijo vode<\/li>\n<li>Stisnjena in mokra struktura pre\u010dnega prereza<\/li>\n<li>Dolgotrajna sve\u017eina<\/li>\n<\/ul>\n","protected":false},"excerpt":{"rendered":"<p>Pripravljena me\u0161anica za pripravo posebnih vrst kruha brez \u0161tevilk E, s pove\u010dano vsebnostjo vlaknin in beljakovin ter zmanj\u0161ano vsebnostjo nasi\u010denih ma\u0161\u010dobnih kislin. Koristi: Topna vlakna iz gumijaste akacije Prebioti\u010dni u\u010dinek Velika mo\u010d za absorpcijo vode Stisnjena in mokra struktura pre\u010dnega prereza Dolgotrajna sve\u017eina<\/p>\n","protected":false},"featured_media":4642,"template":"","meta":[],"product_brand":[],"product_cat":[100],"product_tag":[],"class_list":{"0":"post-4990","1":"product","2":"type-product","3":"status-publish","4":"has-post-thumbnail","6":"product_cat-clean-label-sl","8":"first","9":"instock","10":"shipping-taxable","11":"product-type-simple"},"acf":[],"_links":{"self":[{"href":"https:\/\/www.pipfoodgroup.com\/sl\/wp-json\/wp\/v2\/product\/4990","targetHints":{"allow":["GET"]}}],"collection":[{"href":"https:\/\/www.pipfoodgroup.com\/sl\/wp-json\/wp\/v2\/product"}],"about":[{"href":"https:\/\/www.pipfoodgroup.com\/sl\/wp-json\/wp\/v2\/types\/product"}],"wp:featuredmedia":[{"embeddable":true,"href":"https:\/\/www.pipfoodgroup.com\/sl\/wp-json\/wp\/v2\/media\/4642"}],"wp:attachment":[{"href":"https:\/\/www.pipfoodgroup.com\/sl\/wp-json\/wp\/v2\/media?parent=4990"}],"wp:term":[{"taxonomy":"product_brand","embeddable":true,"href":"https:\/\/www.pipfoodgroup.com\/sl\/wp-json\/wp\/v2\/product_brand?post=4990"},{"taxonomy":"product_cat","embeddable":true,"href":"https:\/\/www.pipfoodgroup.com\/sl\/wp-json\/wp\/v2\/product_cat?post=4990"},{"taxonomy":"product_tag","embeddable":true,"href":"https:\/\/www.pipfoodgroup.com\/sl\/wp-json\/wp\/v2\/product_tag?post=4990"}],"curies":[{"name":"wp","href":"https:\/\/api.w.org\/{rel}","templated":true}]}}