{"id":4993,"date":"2023-03-15T14:25:53","date_gmt":"2023-03-15T14:25:53","guid":{"rendered":"https:\/\/www.pipfoodgroup.com\/proizvodi\/rye-cl\/"},"modified":"2025-05-20T06:43:36","modified_gmt":"2025-05-20T06:43:36","slug":"rye-cl","status":"publish","type":"product","link":"https:\/\/www.pipfoodgroup.com\/sl\/proizvodi\/rye-cl\/","title":{"rendered":"Rye CL"},"content":{"rendered":"<p>Pripravljena me\u0161anica za pripravo r\u017eenega kruha brez \u0161tevilk E.<\/p>\n<h5>Koristi:<\/h5>\n<ul>\n<li>Izjemna aroma<\/li>\n<li>Dolgotrajna sve\u017eina<\/li>\n<li>Stisnjena in mokra struktura pre\u010dnega prereza<\/li>\n<li>Pove\u010dana absorpcijska mo\u010d vode<\/li>\n<\/ul>\n","protected":false},"excerpt":{"rendered":"<p>Pripravljena me\u0161anica za pripravo r\u017eenega kruha brez \u0161tevilk E. Koristi: Izjemna aroma Dolgotrajna sve\u017eina Stisnjena in mokra struktura pre\u010dnega prereza Pove\u010dana absorpcijska mo\u010d vode<\/p>\n","protected":false},"featured_media":4556,"template":"","meta":[],"product_brand":[],"product_cat":[100],"product_tag":[],"class_list":{"0":"post-4993","1":"product","2":"type-product","3":"status-publish","4":"has-post-thumbnail","6":"product_cat-clean-label-sl","8":"first","9":"instock","10":"shipping-taxable","11":"product-type-simple"},"acf":[],"_links":{"self":[{"href":"https:\/\/www.pipfoodgroup.com\/sl\/wp-json\/wp\/v2\/product\/4993","targetHints":{"allow":["GET"]}}],"collection":[{"href":"https:\/\/www.pipfoodgroup.com\/sl\/wp-json\/wp\/v2\/product"}],"about":[{"href":"https:\/\/www.pipfoodgroup.com\/sl\/wp-json\/wp\/v2\/types\/product"}],"wp:featuredmedia":[{"embeddable":true,"href":"https:\/\/www.pipfoodgroup.com\/sl\/wp-json\/wp\/v2\/media\/4556"}],"wp:attachment":[{"href":"https:\/\/www.pipfoodgroup.com\/sl\/wp-json\/wp\/v2\/media?parent=4993"}],"wp:term":[{"taxonomy":"product_brand","embeddable":true,"href":"https:\/\/www.pipfoodgroup.com\/sl\/wp-json\/wp\/v2\/product_brand?post=4993"},{"taxonomy":"product_cat","embeddable":true,"href":"https:\/\/www.pipfoodgroup.com\/sl\/wp-json\/wp\/v2\/product_cat?post=4993"},{"taxonomy":"product_tag","embeddable":true,"href":"https:\/\/www.pipfoodgroup.com\/sl\/wp-json\/wp\/v2\/product_tag?post=4993"}],"curies":[{"name":"wp","href":"https:\/\/api.w.org\/{rel}","templated":true}]}}