{"id":4997,"date":"2023-03-15T14:25:03","date_gmt":"2023-03-15T14:25:03","guid":{"rendered":"https:\/\/www.pipfoodgroup.com\/proizvodi\/muffin\/"},"modified":"2025-05-20T06:08:48","modified_gmt":"2025-05-20T06:08:48","slug":"muffin","status":"publish","type":"product","link":"https:\/\/www.pipfoodgroup.com\/sl\/proizvodi\/muffin\/","title":{"rendered":"Muffin"},"content":{"rendered":"<p><span data-sheets-root=\"1\">Pripravljena me\u0161anica za pripravo kola\u010dkov, namenjena pekarnam in sla\u0161\u010di\u010darjem. Me\u0161anica testa za muffine vam omogo\u010da, da hitro naredite okusne kola\u010dke razli\u010dnih velikosti. <\/span><\/p>\n<h5>Koristi:<\/h5>\n<ul>\n<li>Enostavna priprava<\/li>\n<li>Standardizirana sestava<\/li>\n<li>Dolgotrajna sve\u017eina pe\u010denega kola\u010dka<\/li>\n<li>Izrazita aroma<\/li>\n<\/ul>\n","protected":false},"excerpt":{"rendered":"<p>Pripravljena me\u0161anica za pripravo kola\u010dkov, namenjena pekarnam in sla\u0161\u010di\u010darjem. Me\u0161anica testa za muffine vam omogo\u010da, da hitro naredite okusne kola\u010dke razli\u010dnih velikosti. Koristi: Enostavna priprava Standardizirana sestava Dolgotrajna sve\u017eina pe\u010denega kola\u010dka Izrazita aroma<\/p>\n","protected":false},"featured_media":4496,"template":"","meta":[],"product_brand":[],"product_cat":[116],"product_tag":[],"class_list":{"0":"post-4997","1":"product","2":"type-product","3":"status-publish","4":"has-post-thumbnail","6":"product_cat-sladke-mesanice","8":"first","9":"instock","10":"shipping-taxable","11":"product-type-simple"},"acf":[],"_links":{"self":[{"href":"https:\/\/www.pipfoodgroup.com\/sl\/wp-json\/wp\/v2\/product\/4997","targetHints":{"allow":["GET"]}}],"collection":[{"href":"https:\/\/www.pipfoodgroup.com\/sl\/wp-json\/wp\/v2\/product"}],"about":[{"href":"https:\/\/www.pipfoodgroup.com\/sl\/wp-json\/wp\/v2\/types\/product"}],"wp:featuredmedia":[{"embeddable":true,"href":"https:\/\/www.pipfoodgroup.com\/sl\/wp-json\/wp\/v2\/media\/4496"}],"wp:attachment":[{"href":"https:\/\/www.pipfoodgroup.com\/sl\/wp-json\/wp\/v2\/media?parent=4997"}],"wp:term":[{"taxonomy":"product_brand","embeddable":true,"href":"https:\/\/www.pipfoodgroup.com\/sl\/wp-json\/wp\/v2\/product_brand?post=4997"},{"taxonomy":"product_cat","embeddable":true,"href":"https:\/\/www.pipfoodgroup.com\/sl\/wp-json\/wp\/v2\/product_cat?post=4997"},{"taxonomy":"product_tag","embeddable":true,"href":"https:\/\/www.pipfoodgroup.com\/sl\/wp-json\/wp\/v2\/product_tag?post=4997"}],"curies":[{"name":"wp","href":"https:\/\/api.w.org\/{rel}","templated":true}]}}