{"id":4998,"date":"2023-03-15T14:25:03","date_gmt":"2023-03-15T14:25:03","guid":{"rendered":"https:\/\/www.pipfoodgroup.com\/proizvodi\/waffle\/"},"modified":"2025-05-20T06:09:33","modified_gmt":"2025-05-20T06:09:33","slug":"waffle","status":"publish","type":"product","link":"https:\/\/www.pipfoodgroup.com\/sl\/proizvodi\/waffle\/","title":{"rendered":"Waffle"},"content":{"rendered":"<p><span data-sheets-root=\"1\">Pripravljena me\u0161anica za pripravo vafljev visoke kakovosti. Idealno za enostavno in hitro pripravo s podalj\u0161ano sve\u017eino pe\u010denih vafljev. <\/span><\/p>\n<h5>Koristi:<\/h5>\n<ul>\n<li>Enostavna priprava<\/li>\n<li>Standardizirana sestava<\/li>\n<li>Podalj\u0161ana sve\u017eina pe\u010denega vaflja<\/li>\n<li>Izrazita aroma vanilije<\/li>\n<\/ul>\n","protected":false},"excerpt":{"rendered":"<p>Pripravljena me\u0161anica za pripravo vafljev visoke kakovosti. Idealno za enostavno in hitro pripravo s podalj\u0161ano sve\u017eino pe\u010denih vafljev. Koristi: Enostavna priprava Standardizirana sestava Podalj\u0161ana sve\u017eina pe\u010denega vaflja Izrazita aroma vanilije<\/p>\n","protected":false},"featured_media":6142,"template":"","meta":[],"product_brand":[],"product_cat":[116],"product_tag":[],"class_list":{"0":"post-4998","1":"product","2":"type-product","3":"status-publish","4":"has-post-thumbnail","6":"product_cat-sladke-mesanice","8":"first","9":"instock","10":"shipping-taxable","11":"product-type-simple"},"acf":[],"_links":{"self":[{"href":"https:\/\/www.pipfoodgroup.com\/sl\/wp-json\/wp\/v2\/product\/4998","targetHints":{"allow":["GET"]}}],"collection":[{"href":"https:\/\/www.pipfoodgroup.com\/sl\/wp-json\/wp\/v2\/product"}],"about":[{"href":"https:\/\/www.pipfoodgroup.com\/sl\/wp-json\/wp\/v2\/types\/product"}],"wp:featuredmedia":[{"embeddable":true,"href":"https:\/\/www.pipfoodgroup.com\/sl\/wp-json\/wp\/v2\/media\/6142"}],"wp:attachment":[{"href":"https:\/\/www.pipfoodgroup.com\/sl\/wp-json\/wp\/v2\/media?parent=4998"}],"wp:term":[{"taxonomy":"product_brand","embeddable":true,"href":"https:\/\/www.pipfoodgroup.com\/sl\/wp-json\/wp\/v2\/product_brand?post=4998"},{"taxonomy":"product_cat","embeddable":true,"href":"https:\/\/www.pipfoodgroup.com\/sl\/wp-json\/wp\/v2\/product_cat?post=4998"},{"taxonomy":"product_tag","embeddable":true,"href":"https:\/\/www.pipfoodgroup.com\/sl\/wp-json\/wp\/v2\/product_tag?post=4998"}],"curies":[{"name":"wp","href":"https:\/\/api.w.org\/{rel}","templated":true}]}}