{"id":4999,"date":"2023-03-15T14:25:03","date_gmt":"2023-03-15T14:25:03","guid":{"rendered":"https:\/\/www.pipfoodgroup.com\/proizvodi\/choco-cake\/"},"modified":"2025-05-20T05:54:39","modified_gmt":"2025-05-20T05:54:39","slug":"choco-cake","status":"publish","type":"product","link":"https:\/\/www.pipfoodgroup.com\/sl\/proizvodi\/choco-cake\/","title":{"rendered":"Choco Cake"},"content":{"rendered":"<p><span data-sheets-root=\"1\">Pripravljena me\u0161anica za \u010dokoladno torto in \u010dokoladne torte. Idealen za pekarne in trgovce na debelo, zagotavlja hitro pripravo okusnih pi\u0161kotov in drugih sladkih izdelkov. <\/span><\/p>\n<h5>Koristi:<\/h5>\n<ul>\n<li>Enostavna priprava<\/li>\n<li>Standardizirana sestava<\/li>\n<li>Kosi termostabilne \u010dokolade (51% kakavove mase) v sestavi<\/li>\n<li>Dolgotrajna sve\u017eina pe\u010dene torte<\/li>\n<li>Poln \u010dokoladni okus<\/li>\n<\/ul>\n","protected":false},"excerpt":{"rendered":"<p>Pripravljena me\u0161anica za \u010dokoladno torto in \u010dokoladne torte. Idealen za pekarne in trgovce na debelo, zagotavlja hitro pripravo okusnih pi\u0161kotov in drugih sladkih izdelkov. Koristi: Enostavna priprava Standardizirana sestava Kosi termostabilne \u010dokolade (51% kakavove mase) v sestavi Dolgotrajna sve\u017eina pe\u010dene torte Poln \u010dokoladni okus<\/p>\n","protected":false},"featured_media":4497,"template":"","meta":[],"product_brand":[],"product_cat":[116],"product_tag":[],"class_list":{"0":"post-4999","1":"product","2":"type-product","3":"status-publish","4":"has-post-thumbnail","6":"product_cat-sladke-mesanice","8":"first","9":"instock","10":"shipping-taxable","11":"product-type-simple"},"acf":[],"_links":{"self":[{"href":"https:\/\/www.pipfoodgroup.com\/sl\/wp-json\/wp\/v2\/product\/4999","targetHints":{"allow":["GET"]}}],"collection":[{"href":"https:\/\/www.pipfoodgroup.com\/sl\/wp-json\/wp\/v2\/product"}],"about":[{"href":"https:\/\/www.pipfoodgroup.com\/sl\/wp-json\/wp\/v2\/types\/product"}],"wp:featuredmedia":[{"embeddable":true,"href":"https:\/\/www.pipfoodgroup.com\/sl\/wp-json\/wp\/v2\/media\/4497"}],"wp:attachment":[{"href":"https:\/\/www.pipfoodgroup.com\/sl\/wp-json\/wp\/v2\/media?parent=4999"}],"wp:term":[{"taxonomy":"product_brand","embeddable":true,"href":"https:\/\/www.pipfoodgroup.com\/sl\/wp-json\/wp\/v2\/product_brand?post=4999"},{"taxonomy":"product_cat","embeddable":true,"href":"https:\/\/www.pipfoodgroup.com\/sl\/wp-json\/wp\/v2\/product_cat?post=4999"},{"taxonomy":"product_tag","embeddable":true,"href":"https:\/\/www.pipfoodgroup.com\/sl\/wp-json\/wp\/v2\/product_tag?post=4999"}],"curies":[{"name":"wp","href":"https:\/\/api.w.org\/{rel}","templated":true}]}}