{"id":5004,"date":"2023-03-15T14:25:02","date_gmt":"2023-03-15T14:25:02","guid":{"rendered":"https:\/\/www.pipfoodgroup.com\/proizvodi\/gold-buns\/"},"modified":"2025-05-20T06:11:57","modified_gmt":"2025-05-20T06:11:57","slug":"gold-buns","status":"publish","type":"product","link":"https:\/\/www.pipfoodgroup.com\/sl\/proizvodi\/gold-buns\/","title":{"rendered":"Gold Buns"},"content":{"rendered":"<p>Gold Buns je pripravljena me\u0161anica za ameri\u0161ke krofe. Idealna izbira za mini krofe in ameri\u0161ke krofe. Zagotovljen popoln okus in enostavna priprava krofov.  <\/p>\n<h5>Koristi:<\/h5>\n<ul>\n<li>Standardizirana sestava<\/li>\n<li>Olaj\u0161ana priprava<\/li>\n<li>Izrazita aroma vanilije<\/li>\n<li>Brez absorpcije ma\u0161\u010dob med cvrtjem<\/li>\n<\/ul>\n","protected":false},"excerpt":{"rendered":"<p>Gold Buns je pripravljena me\u0161anica za ameri\u0161ke krofe. Idealna izbira za mini krofe in ameri\u0161ke krofe. Zagotovljen popoln okus in enostavna priprava krofov. Koristi: Standardizirana sestava Olaj\u0161ana priprava Izrazita aroma vanilije Brez absorpcije ma\u0161\u010dob med cvrtjem<\/p>\n","protected":false},"featured_media":5366,"template":"","meta":[],"product_brand":[],"product_cat":[116],"product_tag":[],"class_list":{"0":"post-5004","1":"product","2":"type-product","3":"status-publish","4":"has-post-thumbnail","6":"product_cat-sladke-mesanice","8":"first","9":"instock","10":"shipping-taxable","11":"product-type-simple"},"acf":[],"_links":{"self":[{"href":"https:\/\/www.pipfoodgroup.com\/sl\/wp-json\/wp\/v2\/product\/5004","targetHints":{"allow":["GET"]}}],"collection":[{"href":"https:\/\/www.pipfoodgroup.com\/sl\/wp-json\/wp\/v2\/product"}],"about":[{"href":"https:\/\/www.pipfoodgroup.com\/sl\/wp-json\/wp\/v2\/types\/product"}],"wp:featuredmedia":[{"embeddable":true,"href":"https:\/\/www.pipfoodgroup.com\/sl\/wp-json\/wp\/v2\/media\/5366"}],"wp:attachment":[{"href":"https:\/\/www.pipfoodgroup.com\/sl\/wp-json\/wp\/v2\/media?parent=5004"}],"wp:term":[{"taxonomy":"product_brand","embeddable":true,"href":"https:\/\/www.pipfoodgroup.com\/sl\/wp-json\/wp\/v2\/product_brand?post=5004"},{"taxonomy":"product_cat","embeddable":true,"href":"https:\/\/www.pipfoodgroup.com\/sl\/wp-json\/wp\/v2\/product_cat?post=5004"},{"taxonomy":"product_tag","embeddable":true,"href":"https:\/\/www.pipfoodgroup.com\/sl\/wp-json\/wp\/v2\/product_tag?post=5004"}],"curies":[{"name":"wp","href":"https:\/\/api.w.org\/{rel}","templated":true}]}}