{"id":5007,"date":"2023-03-15T14:25:01","date_gmt":"2023-03-15T14:25:01","guid":{"rendered":"https:\/\/www.pipfoodgroup.com\/proizvodi\/premium-pumpkin\/"},"modified":"2025-05-16T06:28:41","modified_gmt":"2025-05-16T06:28:41","slug":"premium-pumpkin","status":"publish","type":"product","link":"https:\/\/www.pipfoodgroup.com\/sl\/proizvodi\/premium-pumpkin\/","title":{"rendered":"Premium Pumpkin"},"content":{"rendered":"<p><span data-sheets-root=\"1\">Me\u0161anica peciva z bu\u010dnimi semeni, namenjena pripravi \u010drnega kruha in peciva. Obogatena z bu\u010dnimi semeni, zagotavlja hranilno vrednost in prijeten vonj. <\/span><\/p>\n<p>&nbsp;<\/p>\n<h5>Koristi:<\/h5>\n<ul>\n<li>Bu\u010dna semena (19% v me\u0161anici)<\/li>\n<li>Bogata sestava<\/li>\n<li>Mo\u017enost priprave listnatega testa<\/li>\n<li>Mo\u017enost zamrzovanja in odmrzovanja<\/li>\n<li>Dolgotrajna sve\u017eina in odli\u010den volumen<\/li>\n<\/ul>\n","protected":false},"excerpt":{"rendered":"<p>Me\u0161anica peciva z bu\u010dnimi semeni, namenjena pripravi \u010drnega kruha in peciva. Obogatena z bu\u010dnimi semeni, zagotavlja hranilno vrednost in prijeten vonj. &nbsp; Koristi: Bu\u010dna semena (19% v me\u0161anici) Bogata sestava Mo\u017enost priprave listnatega testa Mo\u017enost zamrzovanja in odmrzovanja Dolgotrajna sve\u017eina in odli\u010den volumen<\/p>\n","protected":false},"featured_media":4513,"template":"","meta":[],"product_brand":[],"product_cat":[115],"product_tag":[],"class_list":{"0":"post-5007","1":"product","2":"type-product","3":"status-publish","4":"has-post-thumbnail","6":"product_cat-premium-mesanice","8":"first","9":"instock","10":"shipping-taxable","11":"product-type-simple"},"acf":[],"_links":{"self":[{"href":"https:\/\/www.pipfoodgroup.com\/sl\/wp-json\/wp\/v2\/product\/5007","targetHints":{"allow":["GET"]}}],"collection":[{"href":"https:\/\/www.pipfoodgroup.com\/sl\/wp-json\/wp\/v2\/product"}],"about":[{"href":"https:\/\/www.pipfoodgroup.com\/sl\/wp-json\/wp\/v2\/types\/product"}],"wp:featuredmedia":[{"embeddable":true,"href":"https:\/\/www.pipfoodgroup.com\/sl\/wp-json\/wp\/v2\/media\/4513"}],"wp:attachment":[{"href":"https:\/\/www.pipfoodgroup.com\/sl\/wp-json\/wp\/v2\/media?parent=5007"}],"wp:term":[{"taxonomy":"product_brand","embeddable":true,"href":"https:\/\/www.pipfoodgroup.com\/sl\/wp-json\/wp\/v2\/product_brand?post=5007"},{"taxonomy":"product_cat","embeddable":true,"href":"https:\/\/www.pipfoodgroup.com\/sl\/wp-json\/wp\/v2\/product_cat?post=5007"},{"taxonomy":"product_tag","embeddable":true,"href":"https:\/\/www.pipfoodgroup.com\/sl\/wp-json\/wp\/v2\/product_tag?post=5007"}],"curies":[{"name":"wp","href":"https:\/\/api.w.org\/{rel}","templated":true}]}}