{"id":5010,"date":"2023-03-15T14:25:01","date_gmt":"2023-03-15T14:25:01","guid":{"rendered":"https:\/\/www.pipfoodgroup.com\/proizvodi\/premium-buckwheat\/"},"modified":"2025-05-16T06:20:58","modified_gmt":"2025-05-16T06:20:58","slug":"premium-buckwheat","status":"publish","type":"product","link":"https:\/\/www.pipfoodgroup.com\/sl\/proizvodi\/premium-buckwheat\/","title":{"rendered":"Premium Buckwheat"},"content":{"rendered":"<p>Koncentrirana me\u0161anica za pripravo ajdovega kruha in peciva<\/p>\n<h4><\/h4>\n<h5><span style=\"color: #000000;\">Koristi<\/span><\/h5>\n<ul>\n<li><span style=\"color: #000000;\">Mo\u017enost priprave listnatega testa in zlo\u017eenih ajdovih pit<\/span><\/li>\n<li><span style=\"color: #000000;\">Mo\u017enost zapoznelega pe\u010denja<\/span><\/li>\n<li><span style=\"color: #000000;\">Mo\u017enost zamrzovanja in odmrzovanja<\/span><\/li>\n<\/ul>\n","protected":false},"excerpt":{"rendered":"<p>Koncentrirana me\u0161anica za pripravo ajdovega kruha in peciva Koristi Mo\u017enost priprave listnatega testa in zlo\u017eenih ajdovih pit Mo\u017enost zapoznelega pe\u010denja Mo\u017enost zamrzovanja in odmrzovanja<\/p>\n","protected":false},"featured_media":4518,"template":"","meta":[],"product_brand":[],"product_cat":[115],"product_tag":[],"class_list":{"0":"post-5010","1":"product","2":"type-product","3":"status-publish","4":"has-post-thumbnail","6":"product_cat-premium-mesanice","8":"first","9":"instock","10":"shipping-taxable","11":"product-type-simple"},"acf":[],"_links":{"self":[{"href":"https:\/\/www.pipfoodgroup.com\/sl\/wp-json\/wp\/v2\/product\/5010","targetHints":{"allow":["GET"]}}],"collection":[{"href":"https:\/\/www.pipfoodgroup.com\/sl\/wp-json\/wp\/v2\/product"}],"about":[{"href":"https:\/\/www.pipfoodgroup.com\/sl\/wp-json\/wp\/v2\/types\/product"}],"wp:featuredmedia":[{"embeddable":true,"href":"https:\/\/www.pipfoodgroup.com\/sl\/wp-json\/wp\/v2\/media\/4518"}],"wp:attachment":[{"href":"https:\/\/www.pipfoodgroup.com\/sl\/wp-json\/wp\/v2\/media?parent=5010"}],"wp:term":[{"taxonomy":"product_brand","embeddable":true,"href":"https:\/\/www.pipfoodgroup.com\/sl\/wp-json\/wp\/v2\/product_brand?post=5010"},{"taxonomy":"product_cat","embeddable":true,"href":"https:\/\/www.pipfoodgroup.com\/sl\/wp-json\/wp\/v2\/product_cat?post=5010"},{"taxonomy":"product_tag","embeddable":true,"href":"https:\/\/www.pipfoodgroup.com\/sl\/wp-json\/wp\/v2\/product_tag?post=5010"}],"curies":[{"name":"wp","href":"https:\/\/api.w.org\/{rel}","templated":true}]}}