{"id":5011,"date":"2023-03-15T14:25:00","date_gmt":"2023-03-15T14:25:00","guid":{"rendered":"https:\/\/www.pipfoodgroup.com\/proizvodi\/premium-gold-corn\/"},"modified":"2025-05-16T06:35:46","modified_gmt":"2025-05-16T06:35:46","slug":"premium-gold-corn","status":"publish","type":"product","link":"https:\/\/www.pipfoodgroup.com\/sl\/proizvodi\/premium-gold-corn\/","title":{"rendered":"Premium Gold Corn"},"content":{"rendered":"<p>Koncentrirana me\u0161anica za pripravo posebnih vrst koruznega kruha in peciva.<\/p>\n<p>&nbsp;<\/p>\n<h5>Koristi:<\/h5>\n<ul>\n<li>Velik volumen kon\u010dnega izdelka<\/li>\n<li>Mo\u017enost priprave listnatega peciva in kvasnih pit<\/li>\n<li>Mo\u017enost zapoznelega pe\u010denja<\/li>\n<li>Mo\u017enost zamrzovanja in odmrzovanja<\/li>\n<li>Dolgotrajna sve\u017eina kon\u010dnega izdelka<\/li>\n<\/ul>\n","protected":false},"excerpt":{"rendered":"<p>Koncentrirana me\u0161anica za pripravo posebnih vrst koruznega kruha in peciva. &nbsp; Koristi: Velik volumen kon\u010dnega izdelka Mo\u017enost priprave listnatega peciva in kvasnih pit Mo\u017enost zapoznelega pe\u010denja Mo\u017enost zamrzovanja in odmrzovanja Dolgotrajna sve\u017eina kon\u010dnega izdelka<\/p>\n","protected":false},"featured_media":4519,"template":"","meta":[],"product_brand":[],"product_cat":[115],"product_tag":[],"class_list":{"0":"post-5011","1":"product","2":"type-product","3":"status-publish","4":"has-post-thumbnail","6":"product_cat-premium-mesanice","8":"first","9":"instock","10":"shipping-taxable","11":"product-type-simple"},"acf":[],"_links":{"self":[{"href":"https:\/\/www.pipfoodgroup.com\/sl\/wp-json\/wp\/v2\/product\/5011","targetHints":{"allow":["GET"]}}],"collection":[{"href":"https:\/\/www.pipfoodgroup.com\/sl\/wp-json\/wp\/v2\/product"}],"about":[{"href":"https:\/\/www.pipfoodgroup.com\/sl\/wp-json\/wp\/v2\/types\/product"}],"wp:featuredmedia":[{"embeddable":true,"href":"https:\/\/www.pipfoodgroup.com\/sl\/wp-json\/wp\/v2\/media\/4519"}],"wp:attachment":[{"href":"https:\/\/www.pipfoodgroup.com\/sl\/wp-json\/wp\/v2\/media?parent=5011"}],"wp:term":[{"taxonomy":"product_brand","embeddable":true,"href":"https:\/\/www.pipfoodgroup.com\/sl\/wp-json\/wp\/v2\/product_brand?post=5011"},{"taxonomy":"product_cat","embeddable":true,"href":"https:\/\/www.pipfoodgroup.com\/sl\/wp-json\/wp\/v2\/product_cat?post=5011"},{"taxonomy":"product_tag","embeddable":true,"href":"https:\/\/www.pipfoodgroup.com\/sl\/wp-json\/wp\/v2\/product_tag?post=5011"}],"curies":[{"name":"wp","href":"https:\/\/api.w.org\/{rel}","templated":true}]}}