{"id":5012,"date":"2023-03-15T14:25:00","date_gmt":"2023-03-15T14:25:00","guid":{"rendered":"https:\/\/www.pipfoodgroup.com\/proizvodi\/premium-domestic\/"},"modified":"2025-05-16T06:37:45","modified_gmt":"2025-05-16T06:37:45","slug":"premium-domestic","status":"publish","type":"product","link":"https:\/\/www.pipfoodgroup.com\/sl\/proizvodi\/premium-domestic\/","title":{"rendered":"Premium Domestic"},"content":{"rendered":"<p><span data-sheets-root=\"1\">Zme\u0161ajte za doma\u010di kruh in kislo testo. Omogo\u010da pripravo aromati\u010dnih kruhov z bogato aromo in okusom, primernih za vse pekarske potrebe in profesionalne peke. <\/span><\/p>\n<p>&nbsp;<\/p>\n<h5>Koristi:<\/h5>\n<ul>\n<li>Rustikalen videz<\/li>\n<li>Izjemna aroma<\/li>\n<li>Dolgotrajna sve\u017eina<\/li>\n<li>Velika mo\u010d za absorpcijo vode<\/li>\n<\/ul>\n","protected":false},"excerpt":{"rendered":"<p>Zme\u0161ajte za doma\u010di kruh in kislo testo. Omogo\u010da pripravo aromati\u010dnih kruhov z bogato aromo in okusom, primernih za vse pekarske potrebe in profesionalne peke. &nbsp; Koristi: Rustikalen videz Izjemna aroma Dolgotrajna sve\u017eina Velika mo\u010d za absorpcijo vode<\/p>\n","protected":false},"featured_media":5500,"template":"","meta":[],"product_brand":[],"product_cat":[115],"product_tag":[],"class_list":{"0":"post-5012","1":"product","2":"type-product","3":"status-publish","4":"has-post-thumbnail","6":"product_cat-premium-mesanice","8":"first","9":"instock","10":"shipping-taxable","11":"product-type-simple"},"acf":[],"_links":{"self":[{"href":"https:\/\/www.pipfoodgroup.com\/sl\/wp-json\/wp\/v2\/product\/5012","targetHints":{"allow":["GET"]}}],"collection":[{"href":"https:\/\/www.pipfoodgroup.com\/sl\/wp-json\/wp\/v2\/product"}],"about":[{"href":"https:\/\/www.pipfoodgroup.com\/sl\/wp-json\/wp\/v2\/types\/product"}],"wp:featuredmedia":[{"embeddable":true,"href":"https:\/\/www.pipfoodgroup.com\/sl\/wp-json\/wp\/v2\/media\/5500"}],"wp:attachment":[{"href":"https:\/\/www.pipfoodgroup.com\/sl\/wp-json\/wp\/v2\/media?parent=5012"}],"wp:term":[{"taxonomy":"product_brand","embeddable":true,"href":"https:\/\/www.pipfoodgroup.com\/sl\/wp-json\/wp\/v2\/product_brand?post=5012"},{"taxonomy":"product_cat","embeddable":true,"href":"https:\/\/www.pipfoodgroup.com\/sl\/wp-json\/wp\/v2\/product_cat?post=5012"},{"taxonomy":"product_tag","embeddable":true,"href":"https:\/\/www.pipfoodgroup.com\/sl\/wp-json\/wp\/v2\/product_tag?post=5012"}],"curies":[{"name":"wp","href":"https:\/\/api.w.org\/{rel}","templated":true}]}}