{"id":5015,"date":"2023-03-15T14:24:58","date_gmt":"2023-03-15T14:24:58","guid":{"rendered":"https:\/\/www.pipfoodgroup.com\/proizvodi\/premium-sole\/"},"modified":"2025-05-16T06:45:44","modified_gmt":"2025-05-16T06:45:44","slug":"premium-sole","status":"publish","type":"product","link":"https:\/\/www.pipfoodgroup.com\/sl\/proizvodi\/premium-sole\/","title":{"rendered":"Premium Sole"},"content":{"rendered":"<p>Koncentrirana me\u0161anica za pripravo posebnih vrst kruha in peciva s son\u010dni\u010dnimi semeni kompaktne in vla\u017ene strukture.<\/p>\n<p>&nbsp;<\/p>\n<h5>Koristi:<\/h5>\n<ul>\n<li>Mo\u017enost priprave krono izdelkov<\/li>\n<li>Bogata s semeni<\/li>\n<li>Dolgotrajna sve\u017eina<\/li>\n<\/ul>\n","protected":false},"excerpt":{"rendered":"<p>Koncentrirana me\u0161anica za pripravo posebnih vrst kruha in peciva s son\u010dni\u010dnimi semeni kompaktne in vla\u017ene strukture. &nbsp; Koristi: Mo\u017enost priprave krono izdelkov Bogata s semeni Dolgotrajna sve\u017eina<\/p>\n","protected":false},"featured_media":4528,"template":"","meta":[],"product_brand":[],"product_cat":[115],"product_tag":[],"class_list":{"0":"post-5015","1":"product","2":"type-product","3":"status-publish","4":"has-post-thumbnail","6":"product_cat-premium-mesanice","8":"first","9":"instock","10":"shipping-taxable","11":"product-type-simple"},"acf":[],"_links":{"self":[{"href":"https:\/\/www.pipfoodgroup.com\/sl\/wp-json\/wp\/v2\/product\/5015","targetHints":{"allow":["GET"]}}],"collection":[{"href":"https:\/\/www.pipfoodgroup.com\/sl\/wp-json\/wp\/v2\/product"}],"about":[{"href":"https:\/\/www.pipfoodgroup.com\/sl\/wp-json\/wp\/v2\/types\/product"}],"wp:featuredmedia":[{"embeddable":true,"href":"https:\/\/www.pipfoodgroup.com\/sl\/wp-json\/wp\/v2\/media\/4528"}],"wp:attachment":[{"href":"https:\/\/www.pipfoodgroup.com\/sl\/wp-json\/wp\/v2\/media?parent=5015"}],"wp:term":[{"taxonomy":"product_brand","embeddable":true,"href":"https:\/\/www.pipfoodgroup.com\/sl\/wp-json\/wp\/v2\/product_brand?post=5015"},{"taxonomy":"product_cat","embeddable":true,"href":"https:\/\/www.pipfoodgroup.com\/sl\/wp-json\/wp\/v2\/product_cat?post=5015"},{"taxonomy":"product_tag","embeddable":true,"href":"https:\/\/www.pipfoodgroup.com\/sl\/wp-json\/wp\/v2\/product_tag?post=5015"}],"curies":[{"name":"wp","href":"https:\/\/api.w.org\/{rel}","templated":true}]}}