{"id":5018,"date":"2023-03-15T14:24:57","date_gmt":"2023-03-15T14:24:57","guid":{"rendered":"https:\/\/www.pipfoodgroup.com\/proizvodi\/burger-mix\/"},"modified":"2025-05-19T08:24:06","modified_gmt":"2025-05-19T08:24:06","slug":"burger-mix","status":"publish","type":"product","link":"https:\/\/www.pipfoodgroup.com\/sl\/proizvodi\/burger-mix\/","title":{"rendered":"Burger Mix"},"content":{"rendered":"<p><span data-sheets-root=\"1\">Koncentrirana me\u0161anica za pripravo burgerjev zagotavlja popolno teksturo in okus. Idealno za hitro in u\u010dinkovito pripravo \u017eemljic za vse vrste burgerjev. <\/span><\/p>\n<h5>Koristi:<\/h5>\n<ul>\n<li>Izrazita sve\u017eina<\/li>\n<li>To je dobra glasnost<\/li>\n<li>Kratek ugriz<\/li>\n<li>Mo\u017enost zamrzovanja in odmrzovanja<\/li>\n<li>Lahko se pakira z dalj\u0161im rokom uporabnosti v kombinaciji s konzerviranimi izdelki<\/li>\n<li>Lahko se kombinira s polnozrnato moko<\/li>\n<\/ul>\n","protected":false},"excerpt":{"rendered":"<p>Koncentrirana me\u0161anica za pripravo burgerjev zagotavlja popolno teksturo in okus. Idealno za hitro in u\u010dinkovito pripravo \u017eemljic za vse vrste burgerjev. Koristi: Izrazita sve\u017eina To je dobra glasnost Kratek ugriz Mo\u017enost zamrzovanja in odmrzovanja Lahko se pakira z dalj\u0161im rokom uporabnosti v kombinaciji s konzerviranimi izdelki Lahko se kombinira s polnozrnato moko<\/p>\n","protected":false},"featured_media":4610,"template":"","meta":[],"product_brand":[],"product_cat":[118],"product_tag":[],"class_list":{"0":"post-5018","1":"product","2":"type-product","3":"status-publish","4":"has-post-thumbnail","6":"product_cat-koncentrirane-in-ze-pripravljene-mesanice","8":"first","9":"instock","10":"shipping-taxable","11":"product-type-simple"},"acf":[],"_links":{"self":[{"href":"https:\/\/www.pipfoodgroup.com\/sl\/wp-json\/wp\/v2\/product\/5018","targetHints":{"allow":["GET"]}}],"collection":[{"href":"https:\/\/www.pipfoodgroup.com\/sl\/wp-json\/wp\/v2\/product"}],"about":[{"href":"https:\/\/www.pipfoodgroup.com\/sl\/wp-json\/wp\/v2\/types\/product"}],"wp:featuredmedia":[{"embeddable":true,"href":"https:\/\/www.pipfoodgroup.com\/sl\/wp-json\/wp\/v2\/media\/4610"}],"wp:attachment":[{"href":"https:\/\/www.pipfoodgroup.com\/sl\/wp-json\/wp\/v2\/media?parent=5018"}],"wp:term":[{"taxonomy":"product_brand","embeddable":true,"href":"https:\/\/www.pipfoodgroup.com\/sl\/wp-json\/wp\/v2\/product_brand?post=5018"},{"taxonomy":"product_cat","embeddable":true,"href":"https:\/\/www.pipfoodgroup.com\/sl\/wp-json\/wp\/v2\/product_cat?post=5018"},{"taxonomy":"product_tag","embeddable":true,"href":"https:\/\/www.pipfoodgroup.com\/sl\/wp-json\/wp\/v2\/product_tag?post=5018"}],"curies":[{"name":"wp","href":"https:\/\/api.w.org\/{rel}","templated":true}]}}