{"id":5027,"date":"2023-03-15T14:22:27","date_gmt":"2023-03-15T14:22:27","guid":{"rendered":"https:\/\/www.pipfoodgroup.com\/proizvodi\/tostoposto\/"},"modified":"2023-09-14T12:35:22","modified_gmt":"2023-09-14T12:35:22","slug":"tostoposto","status":"publish","type":"product","link":"https:\/\/www.pipfoodgroup.com\/sl\/proizvodi\/tostoposto\/","title":{"rendered":"Tostoposto"},"content":{"rendered":"<p>Izbolj\u0161evalec namenjen proizvodnji pakiranega toast kruha. Izbolj\u0161a lastnosti testa med predelavo, zavira rast plesni in bakterij, zmanj\u0161uje mo\u017enost pojava filamentov in s tem vpliva na podalj\u0161anje trajnosti izdelka.<\/p>\n","protected":false},"excerpt":{"rendered":"<p>Izbolj\u0161evalec namenjen proizvodnji pakiranega toast kruha. Izbolj\u0161a lastnosti testa med predelavo, zavira rast plesni in bakterij, zmanj\u0161uje mo\u017enost pojava filamentov in s tem vpliva na podalj\u0161anje trajnosti izdelka.<\/p>\n","protected":false},"featured_media":0,"template":"","meta":[],"product_brand":[],"product_cat":[108],"product_tag":[],"class_list":{"0":"post-5027","1":"product","2":"type-product","3":"status-publish","5":"product_cat-za-posebne-namene-sl","7":"first","8":"instock","9":"shipping-taxable","10":"product-type-simple"},"acf":[],"_links":{"self":[{"href":"https:\/\/www.pipfoodgroup.com\/sl\/wp-json\/wp\/v2\/product\/5027","targetHints":{"allow":["GET"]}}],"collection":[{"href":"https:\/\/www.pipfoodgroup.com\/sl\/wp-json\/wp\/v2\/product"}],"about":[{"href":"https:\/\/www.pipfoodgroup.com\/sl\/wp-json\/wp\/v2\/types\/product"}],"wp:attachment":[{"href":"https:\/\/www.pipfoodgroup.com\/sl\/wp-json\/wp\/v2\/media?parent=5027"}],"wp:term":[{"taxonomy":"product_brand","embeddable":true,"href":"https:\/\/www.pipfoodgroup.com\/sl\/wp-json\/wp\/v2\/product_brand?post=5027"},{"taxonomy":"product_cat","embeddable":true,"href":"https:\/\/www.pipfoodgroup.com\/sl\/wp-json\/wp\/v2\/product_cat?post=5027"},{"taxonomy":"product_tag","embeddable":true,"href":"https:\/\/www.pipfoodgroup.com\/sl\/wp-json\/wp\/v2\/product_tag?post=5027"}],"curies":[{"name":"wp","href":"https:\/\/api.w.org\/{rel}","templated":true}]}}