{"id":5028,"date":"2023-03-15T14:22:27","date_gmt":"2023-03-15T14:22:27","guid":{"rendered":"https:\/\/www.pipfoodgroup.com\/proizvodi\/baking-powder\/"},"modified":"2024-07-25T08:42:21","modified_gmt":"2024-07-25T08:42:21","slug":"pecilni-prasek","status":"publish","type":"product","link":"https:\/\/www.pipfoodgroup.com\/sl\/proizvodi\/pecilni-prasek\/","title":{"rendered":"Baking Powder"},"content":{"rendered":"<p>Uporaba &#8220;pecilnega pra\u0161ka&#8221; izbolj\u0161a lastnosti testa in kakovost kon\u010dnega izdelka, izbolj\u0161a rast testa, pove\u010da prostornino izdelka, izbolj\u0161a strukturo okolja, naredi okolje zra\u010dno.<\/p>\n","protected":false},"excerpt":{"rendered":"<p>Uporaba &#8220;pecilnega pra\u0161ka&#8221; izbolj\u0161a lastnosti testa in kakovost kon\u010dnega izdelka, izbolj\u0161a rast testa, pove\u010da prostornino izdelka, izbolj\u0161a strukturo okolja, naredi okolje zra\u010dno.<\/p>\n","protected":false},"featured_media":0,"template":"","meta":[],"product_brand":[],"product_cat":[108],"product_tag":[],"class_list":{"0":"post-5028","1":"product","2":"type-product","3":"status-publish","5":"product_cat-za-posebne-namene-sl","7":"first","8":"instock","9":"shipping-taxable","10":"product-type-simple"},"acf":[],"_links":{"self":[{"href":"https:\/\/www.pipfoodgroup.com\/sl\/wp-json\/wp\/v2\/product\/5028","targetHints":{"allow":["GET"]}}],"collection":[{"href":"https:\/\/www.pipfoodgroup.com\/sl\/wp-json\/wp\/v2\/product"}],"about":[{"href":"https:\/\/www.pipfoodgroup.com\/sl\/wp-json\/wp\/v2\/types\/product"}],"wp:attachment":[{"href":"https:\/\/www.pipfoodgroup.com\/sl\/wp-json\/wp\/v2\/media?parent=5028"}],"wp:term":[{"taxonomy":"product_brand","embeddable":true,"href":"https:\/\/www.pipfoodgroup.com\/sl\/wp-json\/wp\/v2\/product_brand?post=5028"},{"taxonomy":"product_cat","embeddable":true,"href":"https:\/\/www.pipfoodgroup.com\/sl\/wp-json\/wp\/v2\/product_cat?post=5028"},{"taxonomy":"product_tag","embeddable":true,"href":"https:\/\/www.pipfoodgroup.com\/sl\/wp-json\/wp\/v2\/product_tag?post=5028"}],"curies":[{"name":"wp","href":"https:\/\/api.w.org\/{rel}","templated":true}]}}