{"id":5035,"date":"2023-03-15T14:22:26","date_gmt":"2023-03-15T14:22:26","guid":{"rendered":"https:\/\/www.pipfoodgroup.com\/proizvodi\/konkor\/"},"modified":"2023-09-14T12:38:53","modified_gmt":"2023-09-14T12:38:53","slug":"konkor","status":"publish","type":"product","link":"https:\/\/www.pipfoodgroup.com\/sl\/proizvodi\/konkor\/","title":{"rendered":"Konkor"},"content":{"rendered":"<p>Izbolj\u0161evalec, namenjen proizvodnji pakiranih skorj pite. Izbolj\u0161a fleksibilnost testa, zavira rast plesni in bakterij, zmanj\u0161uje mo\u017enost pojava \u017earilne nitke v poletnih pogojih shranjevanja in vpliva na fleksibilnost testa pri pripravi skorje.<\/p>\n","protected":false},"excerpt":{"rendered":"<p>Izbolj\u0161evalec, namenjen proizvodnji pakiranih skorj pite. Izbolj\u0161a fleksibilnost testa, zavira rast plesni in bakterij, zmanj\u0161uje mo\u017enost pojava \u017earilne nitke v poletnih pogojih shranjevanja in vpliva na fleksibilnost testa pri pripravi skorje.<\/p>\n","protected":false},"featured_media":0,"template":"","meta":[],"product_brand":[],"product_cat":[108],"product_tag":[],"class_list":{"0":"post-5035","1":"product","2":"type-product","3":"status-publish","5":"product_cat-za-posebne-namene-sl","7":"first","8":"instock","9":"shipping-taxable","10":"product-type-simple"},"acf":[],"_links":{"self":[{"href":"https:\/\/www.pipfoodgroup.com\/sl\/wp-json\/wp\/v2\/product\/5035","targetHints":{"allow":["GET"]}}],"collection":[{"href":"https:\/\/www.pipfoodgroup.com\/sl\/wp-json\/wp\/v2\/product"}],"about":[{"href":"https:\/\/www.pipfoodgroup.com\/sl\/wp-json\/wp\/v2\/types\/product"}],"wp:attachment":[{"href":"https:\/\/www.pipfoodgroup.com\/sl\/wp-json\/wp\/v2\/media?parent=5035"}],"wp:term":[{"taxonomy":"product_brand","embeddable":true,"href":"https:\/\/www.pipfoodgroup.com\/sl\/wp-json\/wp\/v2\/product_brand?post=5035"},{"taxonomy":"product_cat","embeddable":true,"href":"https:\/\/www.pipfoodgroup.com\/sl\/wp-json\/wp\/v2\/product_cat?post=5035"},{"taxonomy":"product_tag","embeddable":true,"href":"https:\/\/www.pipfoodgroup.com\/sl\/wp-json\/wp\/v2\/product_tag?post=5035"}],"curies":[{"name":"wp","href":"https:\/\/api.w.org\/{rel}","templated":true}]}}