{"id":5036,"date":"2023-03-15T14:22:26","date_gmt":"2023-03-15T14:22:26","guid":{"rendered":"https:\/\/www.pipfoodgroup.com\/proizvodi\/korline\/"},"modified":"2024-07-25T08:43:17","modified_gmt":"2024-07-25T08:43:17","slug":"korline","status":"publish","type":"product","link":"https:\/\/www.pipfoodgroup.com\/sl\/proizvodi\/korline\/","title":{"rendered":"Korline"},"content":{"rendered":"<p>Izbolj\u0161evalec namenjen proizvodnji skorje v obrtnih in industrijskih vrstah proizvodnje. Izjemno pove\u010da raztezek testa, skraj\u0161a postopek priprave in omogo\u010da zamrzovanje, ne da bi pri tem ogrozil kakovost izdelka.<\/p>\n","protected":false},"excerpt":{"rendered":"<p>Izbolj\u0161evalec namenjen proizvodnji skorje v obrtnih in industrijskih vrstah proizvodnje. Izjemno pove\u010da raztezek testa, skraj\u0161a postopek priprave in omogo\u010da zamrzovanje, ne da bi pri tem ogrozil kakovost izdelka.<\/p>\n","protected":false},"featured_media":0,"template":"","meta":[],"product_brand":[],"product_cat":[108],"product_tag":[],"class_list":{"0":"post-5036","1":"product","2":"type-product","3":"status-publish","5":"product_cat-za-posebne-namene-sl","7":"first","8":"instock","9":"shipping-taxable","10":"product-type-simple"},"acf":[],"_links":{"self":[{"href":"https:\/\/www.pipfoodgroup.com\/sl\/wp-json\/wp\/v2\/product\/5036","targetHints":{"allow":["GET"]}}],"collection":[{"href":"https:\/\/www.pipfoodgroup.com\/sl\/wp-json\/wp\/v2\/product"}],"about":[{"href":"https:\/\/www.pipfoodgroup.com\/sl\/wp-json\/wp\/v2\/types\/product"}],"wp:attachment":[{"href":"https:\/\/www.pipfoodgroup.com\/sl\/wp-json\/wp\/v2\/media?parent=5036"}],"wp:term":[{"taxonomy":"product_brand","embeddable":true,"href":"https:\/\/www.pipfoodgroup.com\/sl\/wp-json\/wp\/v2\/product_brand?post=5036"},{"taxonomy":"product_cat","embeddable":true,"href":"https:\/\/www.pipfoodgroup.com\/sl\/wp-json\/wp\/v2\/product_cat?post=5036"},{"taxonomy":"product_tag","embeddable":true,"href":"https:\/\/www.pipfoodgroup.com\/sl\/wp-json\/wp\/v2\/product_tag?post=5036"}],"curies":[{"name":"wp","href":"https:\/\/api.w.org\/{rel}","templated":true}]}}