{"id":5037,"date":"2023-03-15T14:22:26","date_gmt":"2023-03-15T14:22:26","guid":{"rendered":"https:\/\/www.pipfoodgroup.com\/proizvodi\/frosty-plus\/"},"modified":"2023-09-14T12:41:16","modified_gmt":"2023-09-14T12:41:16","slug":"frosty-plus","status":"publish","type":"product","link":"https:\/\/www.pipfoodgroup.com\/sl\/proizvodi\/frosty-plus\/","title":{"rendered":"Frosty Plus"},"content":{"rendered":"<p>Izbolj\u0161evalec, namenjen pekovskim izdelkom, ki so bili v dolo\u010denem delu postopka priprave zamrznjeni. Vpliva na pove\u010danje volumna in zmanj\u0161uje negativni u\u010dinek zamrzovanja na kon\u010dni izdelek.<\/p>\n","protected":false},"excerpt":{"rendered":"<p>Izbolj\u0161evalec, namenjen pekovskim izdelkom, ki so bili v dolo\u010denem delu postopka priprave zamrznjeni. Vpliva na pove\u010danje volumna in zmanj\u0161uje negativni u\u010dinek zamrzovanja na kon\u010dni izdelek.<\/p>\n","protected":false},"featured_media":0,"template":"","meta":[],"product_brand":[],"product_cat":[108],"product_tag":[],"class_list":{"0":"post-5037","1":"product","2":"type-product","3":"status-publish","5":"product_cat-za-posebne-namene-sl","7":"first","8":"instock","9":"shipping-taxable","10":"product-type-simple"},"acf":[],"_links":{"self":[{"href":"https:\/\/www.pipfoodgroup.com\/sl\/wp-json\/wp\/v2\/product\/5037","targetHints":{"allow":["GET"]}}],"collection":[{"href":"https:\/\/www.pipfoodgroup.com\/sl\/wp-json\/wp\/v2\/product"}],"about":[{"href":"https:\/\/www.pipfoodgroup.com\/sl\/wp-json\/wp\/v2\/types\/product"}],"wp:attachment":[{"href":"https:\/\/www.pipfoodgroup.com\/sl\/wp-json\/wp\/v2\/media?parent=5037"}],"wp:term":[{"taxonomy":"product_brand","embeddable":true,"href":"https:\/\/www.pipfoodgroup.com\/sl\/wp-json\/wp\/v2\/product_brand?post=5037"},{"taxonomy":"product_cat","embeddable":true,"href":"https:\/\/www.pipfoodgroup.com\/sl\/wp-json\/wp\/v2\/product_cat?post=5037"},{"taxonomy":"product_tag","embeddable":true,"href":"https:\/\/www.pipfoodgroup.com\/sl\/wp-json\/wp\/v2\/product_tag?post=5037"}],"curies":[{"name":"wp","href":"https:\/\/api.w.org\/{rel}","templated":true}]}}