{"id":5045,"date":"2023-03-15T13:56:56","date_gmt":"2023-03-15T13:56:56","guid":{"rendered":"https:\/\/www.pipfoodgroup.com\/proizvodi\/protein-pancakes\/"},"modified":"2025-05-20T06:12:31","modified_gmt":"2025-05-20T06:12:31","slug":"protein-pancakes","status":"publish","type":"product","link":"https:\/\/www.pipfoodgroup.com\/sl\/proizvodi\/protein-pancakes\/","title":{"rendered":"Protein Pancakes"},"content":{"rendered":"<p><span data-sheets-root=\"1\">Me\u0161anica za peko beljakovinskih pala\u010dink. Idealna me\u0161anica za ameri\u0161ke pala\u010dinke, bogate z beljakovinami in vlakninami za enostavno in hitro pripravo. <\/span><\/p>\n<h5>Koristi:<\/h5>\n<ul>\n<li>Majhna koli\u010dina nasi\u010denih ma\u0161\u010dob<\/li>\n<li>Enostavna in hitra priprava<\/li>\n<li>Standardizirana sestava<\/li>\n<\/ul>\n","protected":false},"excerpt":{"rendered":"<p>Me\u0161anica za peko beljakovinskih pala\u010dink. Idealna me\u0161anica za ameri\u0161ke pala\u010dinke, bogate z beljakovinami in vlakninami za enostavno in hitro pripravo. Koristi: Majhna koli\u010dina nasi\u010denih ma\u0161\u010dob Enostavna in hitra priprava Standardizirana sestava<\/p>\n","protected":false},"featured_media":4505,"template":"","meta":[],"product_brand":[],"product_cat":[116],"product_tag":[],"class_list":{"0":"post-5045","1":"product","2":"type-product","3":"status-publish","4":"has-post-thumbnail","6":"product_cat-sladke-mesanice","8":"first","9":"instock","10":"shipping-taxable","11":"product-type-simple"},"acf":[],"_links":{"self":[{"href":"https:\/\/www.pipfoodgroup.com\/sl\/wp-json\/wp\/v2\/product\/5045","targetHints":{"allow":["GET"]}}],"collection":[{"href":"https:\/\/www.pipfoodgroup.com\/sl\/wp-json\/wp\/v2\/product"}],"about":[{"href":"https:\/\/www.pipfoodgroup.com\/sl\/wp-json\/wp\/v2\/types\/product"}],"wp:featuredmedia":[{"embeddable":true,"href":"https:\/\/www.pipfoodgroup.com\/sl\/wp-json\/wp\/v2\/media\/4505"}],"wp:attachment":[{"href":"https:\/\/www.pipfoodgroup.com\/sl\/wp-json\/wp\/v2\/media?parent=5045"}],"wp:term":[{"taxonomy":"product_brand","embeddable":true,"href":"https:\/\/www.pipfoodgroup.com\/sl\/wp-json\/wp\/v2\/product_brand?post=5045"},{"taxonomy":"product_cat","embeddable":true,"href":"https:\/\/www.pipfoodgroup.com\/sl\/wp-json\/wp\/v2\/product_cat?post=5045"},{"taxonomy":"product_tag","embeddable":true,"href":"https:\/\/www.pipfoodgroup.com\/sl\/wp-json\/wp\/v2\/product_tag?post=5045"}],"curies":[{"name":"wp","href":"https:\/\/api.w.org\/{rel}","templated":true}]}}