{"id":5049,"date":"2023-03-15T13:56:46","date_gmt":"2023-03-15T13:56:46","guid":{"rendered":"https:\/\/www.pipfoodgroup.com\/proizvodi\/dijet-plus\/"},"modified":"2025-05-19T08:19:19","modified_gmt":"2025-05-19T08:19:19","slug":"diet-plus","status":"publish","type":"product","link":"https:\/\/www.pipfoodgroup.com\/sl\/proizvodi\/diet-plus\/","title":{"rendered":"Diet Plus"},"content":{"rendered":"<p><span data-sheets-root=\"1\">Me\u0161anica beljakovinskega kruha, Diet Plus, bogata z beljakovinami in vlakninami. Idealno za pripravo dietnega kruha in testa z visoko hranilno vrednostjo. <\/span><\/p>\n<h5>Koristi:<\/h5>\n<ul>\n<li>Izdelki so temnej\u0161e barve<\/li>\n<li>Dolgotrajna sve\u017eina in volumen<\/li>\n<li>Pristen okus<\/li>\n<li>Vidni deli p\u0161eni\u010dnih otrobov na prerezu<\/li>\n<li>Bogata z beljakovinami in vlakninami<\/li>\n<\/ul>\n","protected":false},"excerpt":{"rendered":"<p>Me\u0161anica beljakovinskega kruha, Diet Plus, bogata z beljakovinami in vlakninami. Idealno za pripravo dietnega kruha in testa z visoko hranilno vrednostjo. Koristi: Izdelki so temnej\u0161e barve Dolgotrajna sve\u017eina in volumen Pristen okus Vidni deli p\u0161eni\u010dnih otrobov na prerezu Bogata z beljakovinami in vlakninami<\/p>\n","protected":false},"featured_media":4626,"template":"","meta":[],"product_brand":[],"product_cat":[118],"product_tag":[],"class_list":{"0":"post-5049","1":"product","2":"type-product","3":"status-publish","4":"has-post-thumbnail","6":"product_cat-koncentrirane-in-ze-pripravljene-mesanice","8":"first","9":"instock","10":"shipping-taxable","11":"product-type-simple"},"acf":[],"_links":{"self":[{"href":"https:\/\/www.pipfoodgroup.com\/sl\/wp-json\/wp\/v2\/product\/5049","targetHints":{"allow":["GET"]}}],"collection":[{"href":"https:\/\/www.pipfoodgroup.com\/sl\/wp-json\/wp\/v2\/product"}],"about":[{"href":"https:\/\/www.pipfoodgroup.com\/sl\/wp-json\/wp\/v2\/types\/product"}],"wp:featuredmedia":[{"embeddable":true,"href":"https:\/\/www.pipfoodgroup.com\/sl\/wp-json\/wp\/v2\/media\/4626"}],"wp:attachment":[{"href":"https:\/\/www.pipfoodgroup.com\/sl\/wp-json\/wp\/v2\/media?parent=5049"}],"wp:term":[{"taxonomy":"product_brand","embeddable":true,"href":"https:\/\/www.pipfoodgroup.com\/sl\/wp-json\/wp\/v2\/product_brand?post=5049"},{"taxonomy":"product_cat","embeddable":true,"href":"https:\/\/www.pipfoodgroup.com\/sl\/wp-json\/wp\/v2\/product_cat?post=5049"},{"taxonomy":"product_tag","embeddable":true,"href":"https:\/\/www.pipfoodgroup.com\/sl\/wp-json\/wp\/v2\/product_tag?post=5049"}],"curies":[{"name":"wp","href":"https:\/\/api.w.org\/{rel}","templated":true}]}}