{"id":5051,"date":"2023-03-15T13:56:46","date_gmt":"2023-03-15T13:56:46","guid":{"rendered":"https:\/\/www.pipfoodgroup.com\/proizvodi\/chrono-mix\/"},"modified":"2025-05-19T08:21:07","modified_gmt":"2025-05-19T08:21:07","slug":"chrono-mix","status":"publish","type":"product","link":"https:\/\/www.pipfoodgroup.com\/sl\/proizvodi\/chrono-mix\/","title":{"rendered":"Chrono Mix"},"content":{"rendered":"<p><span data-sheets-root=\"1\">Pripravljena me\u0161anica za pripravo posebnih vrst kruha Chrono Mix je idealna za polnozrnate kruhe in krono projekte. Olaj\u0161ajte pripravo s to koncentrirano me\u0161anico. <\/span><\/p>\n<h5>Koristi:<\/h5>\n<ul>\n<li>Bogata z vlakninami in semeni<\/li>\n<li>Integralna sestava<\/li>\n<li>Mo\u017enost priprave krono projektov<\/li>\n<li>Mo\u017enost zapoznelega pe\u010denja<\/li>\n<\/ul>\n","protected":false},"excerpt":{"rendered":"<p>Pripravljena me\u0161anica za pripravo posebnih vrst kruha Chrono Mix je idealna za polnozrnate kruhe in krono projekte. Olaj\u0161ajte pripravo s to koncentrirano me\u0161anico. Koristi: Bogata z vlakninami in semeni Integralna sestava Mo\u017enost priprave krono projektov Mo\u017enost zapoznelega pe\u010denja<\/p>\n","protected":false},"featured_media":4593,"template":"","meta":[],"product_brand":[],"product_cat":[118],"product_tag":[],"class_list":{"0":"post-5051","1":"product","2":"type-product","3":"status-publish","4":"has-post-thumbnail","6":"product_cat-koncentrirane-in-ze-pripravljene-mesanice","8":"first","9":"instock","10":"shipping-taxable","11":"product-type-simple"},"acf":[],"_links":{"self":[{"href":"https:\/\/www.pipfoodgroup.com\/sl\/wp-json\/wp\/v2\/product\/5051","targetHints":{"allow":["GET"]}}],"collection":[{"href":"https:\/\/www.pipfoodgroup.com\/sl\/wp-json\/wp\/v2\/product"}],"about":[{"href":"https:\/\/www.pipfoodgroup.com\/sl\/wp-json\/wp\/v2\/types\/product"}],"wp:featuredmedia":[{"embeddable":true,"href":"https:\/\/www.pipfoodgroup.com\/sl\/wp-json\/wp\/v2\/media\/4593"}],"wp:attachment":[{"href":"https:\/\/www.pipfoodgroup.com\/sl\/wp-json\/wp\/v2\/media?parent=5051"}],"wp:term":[{"taxonomy":"product_brand","embeddable":true,"href":"https:\/\/www.pipfoodgroup.com\/sl\/wp-json\/wp\/v2\/product_brand?post=5051"},{"taxonomy":"product_cat","embeddable":true,"href":"https:\/\/www.pipfoodgroup.com\/sl\/wp-json\/wp\/v2\/product_cat?post=5051"},{"taxonomy":"product_tag","embeddable":true,"href":"https:\/\/www.pipfoodgroup.com\/sl\/wp-json\/wp\/v2\/product_tag?post=5051"}],"curies":[{"name":"wp","href":"https:\/\/api.w.org\/{rel}","templated":true}]}}