{"id":5054,"date":"2023-01-31T14:22:18","date_gmt":"2023-01-31T14:22:18","guid":{"rendered":"https:\/\/www.pipfoodgroup.com\/proizvodi\/tres-leches\/"},"modified":"2025-05-20T06:13:29","modified_gmt":"2025-05-20T06:13:29","slug":"tres-leches","status":"publish","type":"product","link":"https:\/\/www.pipfoodgroup.com\/sl\/proizvodi\/tres-leches\/","title":{"rendered":"Tres Leches"},"content":{"rendered":"<p><span data-sheets-root=\"1\">Pripravljena me\u0161anica tres leches vam omogo\u010da, da pripravite priljubljene torte trilkov. Me\u0161anica, namenjena pekarnam in sla\u0161\u010di\u010darnam, zagotavlja kakovosten in okusen rezultat vsaki\u010d. <\/span><\/p>\n<h5>Koristi:<\/h5>\n<ul>\n<li>Enostavna priprava<\/li>\n<li>Stabilni pi\u0161koti<\/li>\n<li>Karamelni preliv Master Baker doda popolno torto<\/li>\n<\/ul>\n","protected":false},"excerpt":{"rendered":"<p>Pripravljena me\u0161anica tres leches vam omogo\u010da, da pripravite priljubljene torte trilkov. Me\u0161anica, namenjena pekarnam in sla\u0161\u010di\u010darnam, zagotavlja kakovosten in okusen rezultat vsaki\u010d. Koristi: Enostavna priprava Stabilni pi\u0161koti Karamelni preliv Master Baker doda popolno torto<\/p>\n","protected":false},"featured_media":4508,"template":"","meta":[],"product_brand":[],"product_cat":[116],"product_tag":[],"class_list":{"0":"post-5054","1":"product","2":"type-product","3":"status-publish","4":"has-post-thumbnail","6":"product_cat-sladke-mesanice","8":"first","9":"instock","10":"shipping-taxable","11":"product-type-simple"},"acf":[],"_links":{"self":[{"href":"https:\/\/www.pipfoodgroup.com\/sl\/wp-json\/wp\/v2\/product\/5054","targetHints":{"allow":["GET"]}}],"collection":[{"href":"https:\/\/www.pipfoodgroup.com\/sl\/wp-json\/wp\/v2\/product"}],"about":[{"href":"https:\/\/www.pipfoodgroup.com\/sl\/wp-json\/wp\/v2\/types\/product"}],"wp:featuredmedia":[{"embeddable":true,"href":"https:\/\/www.pipfoodgroup.com\/sl\/wp-json\/wp\/v2\/media\/4508"}],"wp:attachment":[{"href":"https:\/\/www.pipfoodgroup.com\/sl\/wp-json\/wp\/v2\/media?parent=5054"}],"wp:term":[{"taxonomy":"product_brand","embeddable":true,"href":"https:\/\/www.pipfoodgroup.com\/sl\/wp-json\/wp\/v2\/product_brand?post=5054"},{"taxonomy":"product_cat","embeddable":true,"href":"https:\/\/www.pipfoodgroup.com\/sl\/wp-json\/wp\/v2\/product_cat?post=5054"},{"taxonomy":"product_tag","embeddable":true,"href":"https:\/\/www.pipfoodgroup.com\/sl\/wp-json\/wp\/v2\/product_tag?post=5054"}],"curies":[{"name":"wp","href":"https:\/\/api.w.org\/{rel}","templated":true}]}}