{"id":5055,"date":"2023-01-31T14:21:20","date_gmt":"2023-01-31T14:21:20","guid":{"rendered":"https:\/\/www.pipfoodgroup.com\/proizvodi\/pancakes\/"},"modified":"2025-05-20T06:29:11","modified_gmt":"2025-05-20T06:29:11","slug":"pancakes","status":"publish","type":"product","link":"https:\/\/www.pipfoodgroup.com\/sl\/proizvodi\/pancakes\/","title":{"rendered":"Pancakes"},"content":{"rendered":"<p>Pripravljena me\u0161anica za pripravo pala\u010dink najvi\u0161je kakovosti. Idealna re\u0161itev za hitro in enostavno pripravo pala\u010dink ter zanesljiva me\u0161anica za pekarne in gospodinjstva. <\/p>\n<h5>Koristi:<\/h5>\n<ul>\n<li>Standardizirana sestava<\/li>\n<li>Elasti\u010den kon\u010dni izdelek<\/li>\n<li>Primerno tako za sladke kot slane nadeve<\/li>\n<li>Mo\u017enost zamrzovanja kru\u0161nih posod<\/li>\n<\/ul>\n","protected":false},"excerpt":{"rendered":"<p>Pripravljena me\u0161anica za pripravo pala\u010dink najvi\u0161je kakovosti. Idealna re\u0161itev za hitro in enostavno pripravo pala\u010dink ter zanesljiva me\u0161anica za pekarne in gospodinjstva. Koristi: Standardizirana sestava Elasti\u010den kon\u010dni izdelek Primerno tako za sladke kot slane nadeve Mo\u017enost zamrzovanja kru\u0161nih posod<\/p>\n","protected":false},"featured_media":4509,"template":"","meta":[],"product_brand":[],"product_cat":[116],"product_tag":[],"class_list":{"0":"post-5055","1":"product","2":"type-product","3":"status-publish","4":"has-post-thumbnail","6":"product_cat-sladke-mesanice","8":"first","9":"instock","10":"shipping-taxable","11":"product-type-simple"},"acf":[],"_links":{"self":[{"href":"https:\/\/www.pipfoodgroup.com\/sl\/wp-json\/wp\/v2\/product\/5055","targetHints":{"allow":["GET"]}}],"collection":[{"href":"https:\/\/www.pipfoodgroup.com\/sl\/wp-json\/wp\/v2\/product"}],"about":[{"href":"https:\/\/www.pipfoodgroup.com\/sl\/wp-json\/wp\/v2\/types\/product"}],"wp:featuredmedia":[{"embeddable":true,"href":"https:\/\/www.pipfoodgroup.com\/sl\/wp-json\/wp\/v2\/media\/4509"}],"wp:attachment":[{"href":"https:\/\/www.pipfoodgroup.com\/sl\/wp-json\/wp\/v2\/media?parent=5055"}],"wp:term":[{"taxonomy":"product_brand","embeddable":true,"href":"https:\/\/www.pipfoodgroup.com\/sl\/wp-json\/wp\/v2\/product_brand?post=5055"},{"taxonomy":"product_cat","embeddable":true,"href":"https:\/\/www.pipfoodgroup.com\/sl\/wp-json\/wp\/v2\/product_cat?post=5055"},{"taxonomy":"product_tag","embeddable":true,"href":"https:\/\/www.pipfoodgroup.com\/sl\/wp-json\/wp\/v2\/product_tag?post=5055"}],"curies":[{"name":"wp","href":"https:\/\/api.w.org\/{rel}","templated":true}]}}