{"id":5235,"date":"2024-05-20T07:40:38","date_gmt":"2024-05-20T07:40:38","guid":{"rendered":"https:\/\/www.pipfoodgroup.com\/?post_type=product&#038;p=5235"},"modified":"2025-08-21T08:34:25","modified_gmt":"2025-08-21T08:34:25","slug":"cesnja-copy","status":"publish","type":"product","link":"https:\/\/www.pipfoodgroup.com\/sl\/proizvodi\/cesnja-copy\/","title":{"rendered":"Fillina nadev vi\u0161nja"},"content":{"rendered":"<p>Fillina nadev vi\u0161nja ponuja visokokakovosten sadni nadev za pekarstvo. Vi\u0161njev sadni nadev je primeren za industrijsko uporabo in pekovske izdelke.<\/p>\n<p style=\"padding-left: 40px;\"><strong>\u0160ampion skupine izdelkov na 92. mednarodnem kmetijskem sejmu.<\/strong><\/p>\n<p>&nbsp;<\/p>\n<p data-start=\"279\" data-end=\"295\"><strong data-start=\"279\" data-end=\"293\">Prednosti:<\/strong><\/p>\n<p data-start=\"279\" data-end=\"295\">\n<ul data-start=\"296\" data-end=\"336\">\n<li data-start=\"296\" data-end=\"318\">\n<p data-start=\"298\" data-end=\"318\">najmanj 40 % sadja<\/p>\n<\/li>\n<li data-start=\"319\" data-end=\"336\">\n<p data-start=\"321\" data-end=\"336\">termostabilen<\/p>\n<\/li>\n<\/ul>\n","protected":false},"excerpt":{"rendered":"<p>Fillina nadev vi\u0161nja ponuja visokokakovosten sadni nadev za pekarstvo. Vi\u0161njev sadni nadev je primeren za industrijsko uporabo in pekovske izdelke. \u0160ampion skupine izdelkov na 92. mednarodnem kmetijskem sejmu. &nbsp; Prednosti: najmanj 40 % sadja termostabilen<\/p>\n","protected":false},"featured_media":6379,"template":"","meta":[],"product_brand":[],"product_cat":[125],"product_tag":[],"class_list":{"0":"post-5235","1":"product","2":"type-product","3":"status-publish","4":"has-post-thumbnail","6":"product_cat-fillina-sl","8":"first","9":"instock","10":"shipping-taxable","11":"product-type-simple"},"acf":[],"_links":{"self":[{"href":"https:\/\/www.pipfoodgroup.com\/sl\/wp-json\/wp\/v2\/product\/5235","targetHints":{"allow":["GET"]}}],"collection":[{"href":"https:\/\/www.pipfoodgroup.com\/sl\/wp-json\/wp\/v2\/product"}],"about":[{"href":"https:\/\/www.pipfoodgroup.com\/sl\/wp-json\/wp\/v2\/types\/product"}],"wp:featuredmedia":[{"embeddable":true,"href":"https:\/\/www.pipfoodgroup.com\/sl\/wp-json\/wp\/v2\/media\/6379"}],"wp:attachment":[{"href":"https:\/\/www.pipfoodgroup.com\/sl\/wp-json\/wp\/v2\/media?parent=5235"}],"wp:term":[{"taxonomy":"product_brand","embeddable":true,"href":"https:\/\/www.pipfoodgroup.com\/sl\/wp-json\/wp\/v2\/product_brand?post=5235"},{"taxonomy":"product_cat","embeddable":true,"href":"https:\/\/www.pipfoodgroup.com\/sl\/wp-json\/wp\/v2\/product_cat?post=5235"},{"taxonomy":"product_tag","embeddable":true,"href":"https:\/\/www.pipfoodgroup.com\/sl\/wp-json\/wp\/v2\/product_tag?post=5235"}],"curies":[{"name":"wp","href":"https:\/\/api.w.org\/{rel}","templated":true}]}}