{"id":5241,"date":"2024-05-20T07:42:54","date_gmt":"2024-05-20T07:42:54","guid":{"rendered":"https:\/\/www.pipfoodgroup.com\/?post_type=product&#038;p=5241"},"modified":"2025-08-21T08:37:05","modified_gmt":"2025-08-21T08:37:05","slug":"mesano-sadje-copy","status":"publish","type":"product","link":"https:\/\/www.pipfoodgroup.com\/sl\/proizvodi\/mesano-sadje-copy\/","title":{"rendered":"Fillina polnilo me\u0161ano sadje"},"content":{"rendered":"<p><span data-sheets-root=\"1\">Visokokakovostno termostabilno sadno polnilo iz me\u0161anega sadja. Idealno za torte in dobrote. Zasnovan za peko, sla\u0161\u010dice in doma\u010do uporabo. <\/span><\/p>\n<h5>Prednosti:<\/h5>\n<ul>\n<li>najmanj 45% sadja (jagode, robide, maline)<\/li>\n<li>Termostabilen<\/li>\n<\/ul>\n","protected":false},"excerpt":{"rendered":"<p>Visokokakovostno termostabilno sadno polnilo iz me\u0161anega sadja. Idealno za torte in dobrote. Zasnovan za peko, sla\u0161\u010dice in doma\u010do uporabo. Prednosti: najmanj 45% sadja (jagode, robide, maline) Termostabilen<\/p>\n","protected":false},"featured_media":5957,"template":"","meta":[],"product_brand":[],"product_cat":[125],"product_tag":[],"class_list":{"0":"post-5241","1":"product","2":"type-product","3":"status-publish","4":"has-post-thumbnail","6":"product_cat-fillina-sl","8":"first","9":"instock","10":"shipping-taxable","11":"product-type-simple"},"acf":[],"_links":{"self":[{"href":"https:\/\/www.pipfoodgroup.com\/sl\/wp-json\/wp\/v2\/product\/5241","targetHints":{"allow":["GET"]}}],"collection":[{"href":"https:\/\/www.pipfoodgroup.com\/sl\/wp-json\/wp\/v2\/product"}],"about":[{"href":"https:\/\/www.pipfoodgroup.com\/sl\/wp-json\/wp\/v2\/types\/product"}],"wp:featuredmedia":[{"embeddable":true,"href":"https:\/\/www.pipfoodgroup.com\/sl\/wp-json\/wp\/v2\/media\/5957"}],"wp:attachment":[{"href":"https:\/\/www.pipfoodgroup.com\/sl\/wp-json\/wp\/v2\/media?parent=5241"}],"wp:term":[{"taxonomy":"product_brand","embeddable":true,"href":"https:\/\/www.pipfoodgroup.com\/sl\/wp-json\/wp\/v2\/product_brand?post=5241"},{"taxonomy":"product_cat","embeddable":true,"href":"https:\/\/www.pipfoodgroup.com\/sl\/wp-json\/wp\/v2\/product_cat?post=5241"},{"taxonomy":"product_tag","embeddable":true,"href":"https:\/\/www.pipfoodgroup.com\/sl\/wp-json\/wp\/v2\/product_tag?post=5241"}],"curies":[{"name":"wp","href":"https:\/\/api.w.org\/{rel}","templated":true}]}}