{"id":5490,"date":"2024-07-25T09:17:35","date_gmt":"2024-07-25T09:17:35","guid":{"rendered":"https:\/\/www.pipfoodgroup.com\/proizvodi\/jadranski-uzitek\/"},"modified":"2025-05-19T07:21:06","modified_gmt":"2025-05-19T07:21:06","slug":"adriatic-gusto","status":"publish","type":"product","link":"https:\/\/www.pipfoodgroup.com\/sl\/proizvodi\/adriatic-gusto\/","title":{"rendered":"Adriatic Gusto BS"},"content":{"rendered":"<p>Me\u0161anica, namenjena za proizvodnjo kruha in peciva z zna\u010dilnim okusom in vonjem, pridobljenim iz krompirjevih kosmi\u010dev in trde p\u0161enice. Brez soli.<\/p>\n<h5>Koristi:<\/h5>\n<ul>\n<li>Izrazita mehkoba<\/li>\n<li>Dolgotrajna sve\u017eina<\/li>\n<li>Brez soli<\/li>\n<\/ul>\n","protected":false},"excerpt":{"rendered":"<p><img loading=\"lazy\" decoding=\"async\" class=\"alignnone size-medium wp-image-5937\" src=\"https:\/\/www.pipfoodgroup.com\/wp-content\/uploads\/2024\/07\/adriatic-gusto-1-300x239.jpeg\" alt=\"Adriatic Gusto kruh\" width=\"300\" height=\"239\" srcset=\"https:\/\/www.pipfoodgroup.com\/wp-content\/uploads\/2024\/07\/adriatic-gusto-1-300x239.jpeg 300w, https:\/\/www.pipfoodgroup.com\/wp-content\/uploads\/2024\/07\/adriatic-gusto-1-1024x814.jpeg 1024w, https:\/\/www.pipfoodgroup.com\/wp-content\/uploads\/2024\/07\/adriatic-gusto-1-768x611.jpeg 768w, https:\/\/www.pipfoodgroup.com\/wp-content\/uploads\/2024\/07\/adriatic-gusto-1.jpeg 1200w\" sizes=\"auto, (max-width: 300px) 100vw, 300px\" \/><\/p>\n","protected":false},"featured_media":6290,"template":"","meta":[],"product_brand":[],"product_cat":[118],"product_tag":[187,188],"class_list":{"0":"post-5490","1":"product","2":"type-product","3":"status-publish","4":"has-post-thumbnail","6":"product_cat-koncentrirane-in-ze-pripravljene-mesanice","7":"product_tag-jadranski-uzitek","8":"product_tag-skupina-za-hrano-pip","10":"first","11":"instock","12":"shipping-taxable","13":"product-type-simple"},"acf":[],"_links":{"self":[{"href":"https:\/\/www.pipfoodgroup.com\/sl\/wp-json\/wp\/v2\/product\/5490","targetHints":{"allow":["GET"]}}],"collection":[{"href":"https:\/\/www.pipfoodgroup.com\/sl\/wp-json\/wp\/v2\/product"}],"about":[{"href":"https:\/\/www.pipfoodgroup.com\/sl\/wp-json\/wp\/v2\/types\/product"}],"wp:featuredmedia":[{"embeddable":true,"href":"https:\/\/www.pipfoodgroup.com\/sl\/wp-json\/wp\/v2\/media\/6290"}],"wp:attachment":[{"href":"https:\/\/www.pipfoodgroup.com\/sl\/wp-json\/wp\/v2\/media?parent=5490"}],"wp:term":[{"taxonomy":"product_brand","embeddable":true,"href":"https:\/\/www.pipfoodgroup.com\/sl\/wp-json\/wp\/v2\/product_brand?post=5490"},{"taxonomy":"product_cat","embeddable":true,"href":"https:\/\/www.pipfoodgroup.com\/sl\/wp-json\/wp\/v2\/product_cat?post=5490"},{"taxonomy":"product_tag","embeddable":true,"href":"https:\/\/www.pipfoodgroup.com\/sl\/wp-json\/wp\/v2\/product_tag?post=5490"}],"curies":[{"name":"wp","href":"https:\/\/api.w.org\/{rel}","templated":true}]}}