{"id":5497,"date":"2024-07-25T10:16:29","date_gmt":"2024-07-25T10:16:29","guid":{"rendered":"https:\/\/www.pipfoodgroup.com\/proizvodi\/adriatic-ciabatta\/"},"modified":"2025-05-19T07:22:21","modified_gmt":"2025-05-19T07:22:21","slug":"adriatic-ciabatta","status":"publish","type":"product","link":"https:\/\/www.pipfoodgroup.com\/sl\/proizvodi\/adriatic-ciabatta\/","title":{"rendered":"Adriatic Ciabatta"},"content":{"rendered":"<p>Me\u0161anica je namenjena proizvodnji tradicionalnih italijanskih izdelkov (ciabatta, focaccine, calzone), plo\u0161\u010d in vseh vrst testa z visoko vsebnostjo vode.<\/p>\n<h5>Koristi:<\/h5>\n<ul>\n<li>Bogata aroma<\/li>\n<li>Dolgotrajna sve\u017eina<\/li>\n<\/ul>\n","protected":false},"excerpt":{"rendered":"<p>Me\u0161anica je namenjena proizvodnji tradicionalnih italijanskih izdelkov (ciabatta, focaccine, calzone), plo\u0161\u010d in vseh vrst testa z visoko vsebnostjo vode. Koristi: Bogata aroma Dolgotrajna sve\u017eina<\/p>\n","protected":false},"featured_media":5507,"template":"","meta":[],"product_brand":[],"product_cat":[118],"product_tag":[],"class_list":{"0":"post-5497","1":"product","2":"type-product","3":"status-publish","4":"has-post-thumbnail","6":"product_cat-koncentrirane-in-ze-pripravljene-mesanice","8":"first","9":"instock","10":"shipping-taxable","11":"product-type-simple"},"acf":[],"_links":{"self":[{"href":"https:\/\/www.pipfoodgroup.com\/sl\/wp-json\/wp\/v2\/product\/5497","targetHints":{"allow":["GET"]}}],"collection":[{"href":"https:\/\/www.pipfoodgroup.com\/sl\/wp-json\/wp\/v2\/product"}],"about":[{"href":"https:\/\/www.pipfoodgroup.com\/sl\/wp-json\/wp\/v2\/types\/product"}],"wp:featuredmedia":[{"embeddable":true,"href":"https:\/\/www.pipfoodgroup.com\/sl\/wp-json\/wp\/v2\/media\/5507"}],"wp:attachment":[{"href":"https:\/\/www.pipfoodgroup.com\/sl\/wp-json\/wp\/v2\/media?parent=5497"}],"wp:term":[{"taxonomy":"product_brand","embeddable":true,"href":"https:\/\/www.pipfoodgroup.com\/sl\/wp-json\/wp\/v2\/product_brand?post=5497"},{"taxonomy":"product_cat","embeddable":true,"href":"https:\/\/www.pipfoodgroup.com\/sl\/wp-json\/wp\/v2\/product_cat?post=5497"},{"taxonomy":"product_tag","embeddable":true,"href":"https:\/\/www.pipfoodgroup.com\/sl\/wp-json\/wp\/v2\/product_tag?post=5497"}],"curies":[{"name":"wp","href":"https:\/\/api.w.org\/{rel}","templated":true}]}}