{"id":5516,"date":"2024-07-26T06:18:02","date_gmt":"2024-07-26T06:18:02","guid":{"rendered":"https:\/\/www.pipfoodgroup.com\/proizvodi\/adriatic-krofi-50\/"},"modified":"2025-05-20T05:53:46","modified_gmt":"2025-05-20T05:53:46","slug":"adriatic-krofi-50","status":"publish","type":"product","link":"https:\/\/www.pipfoodgroup.com\/sl\/proizvodi\/adriatic-krofi-50\/","title":{"rendered":"Adriatic Krofi 50"},"content":{"rendered":"<p>Sladka me\u0161anica namenjena pripravi krofov, zavitek, \u017eemljic in drugih peciv iz kvasnega testa.<\/p>\n<h5>Koristi:<\/h5>\n<ul>\n<li>Stabilen obro\u010d<\/li>\n<li>Izrazita mehkoba<\/li>\n<li>Dolgotrajna sve\u017eina<\/li>\n<li>Vsebuje jajca<\/li>\n<li>Enostavna priprava<\/li>\n<\/ul>\n","protected":false},"excerpt":{"rendered":"<p>Sladka me\u0161anica namenjena pripravi krofov, zavitek, \u017eemljic in drugih peciv iz kvasnega testa. Koristi: Stabilen obro\u010d Izrazita mehkoba Dolgotrajna sve\u017eina Vsebuje jajca Enostavna priprava<\/p>\n","protected":false},"featured_media":6202,"template":"","meta":[],"product_brand":[],"product_cat":[116],"product_tag":[],"class_list":{"0":"post-5516","1":"product","2":"type-product","3":"status-publish","4":"has-post-thumbnail","6":"product_cat-sladke-mesanice","8":"first","9":"instock","10":"shipping-taxable","11":"product-type-simple"},"acf":[],"_links":{"self":[{"href":"https:\/\/www.pipfoodgroup.com\/sl\/wp-json\/wp\/v2\/product\/5516","targetHints":{"allow":["GET"]}}],"collection":[{"href":"https:\/\/www.pipfoodgroup.com\/sl\/wp-json\/wp\/v2\/product"}],"about":[{"href":"https:\/\/www.pipfoodgroup.com\/sl\/wp-json\/wp\/v2\/types\/product"}],"wp:featuredmedia":[{"embeddable":true,"href":"https:\/\/www.pipfoodgroup.com\/sl\/wp-json\/wp\/v2\/media\/6202"}],"wp:attachment":[{"href":"https:\/\/www.pipfoodgroup.com\/sl\/wp-json\/wp\/v2\/media?parent=5516"}],"wp:term":[{"taxonomy":"product_brand","embeddable":true,"href":"https:\/\/www.pipfoodgroup.com\/sl\/wp-json\/wp\/v2\/product_brand?post=5516"},{"taxonomy":"product_cat","embeddable":true,"href":"https:\/\/www.pipfoodgroup.com\/sl\/wp-json\/wp\/v2\/product_cat?post=5516"},{"taxonomy":"product_tag","embeddable":true,"href":"https:\/\/www.pipfoodgroup.com\/sl\/wp-json\/wp\/v2\/product_tag?post=5516"}],"curies":[{"name":"wp","href":"https:\/\/api.w.org\/{rel}","templated":true}]}}