{"id":5537,"date":"2024-07-26T07:36:09","date_gmt":"2024-07-26T07:36:09","guid":{"rendered":"https:\/\/www.pipfoodgroup.com\/proizvodi\/brioche-mix\/"},"modified":"2025-05-20T05:52:52","modified_gmt":"2025-05-20T05:52:52","slug":"brioche-mix","status":"publish","type":"product","link":"https:\/\/www.pipfoodgroup.com\/sl\/proizvodi\/brioche-mix\/","title":{"rendered":"Brioche Mix"},"content":{"rendered":"<p>Sladka me\u0161anica, namenjena pripravi tradicionalnih francoskih brio\u0161, kruha in peciva dolgotrajne sve\u017eine.<\/p>\n<h5>Koristi:<\/h5>\n<ul>\n<li>Bogat, maslen okus in aroma<\/li>\n<li>Aroma citrusov<\/li>\n<li>Kratek ugriz<\/li>\n<li>Mehka sredina<\/li>\n<li>Tanka skorja<\/li>\n<li>Dolgotrajna sve\u017eina<\/li>\n<\/ul>\n","protected":false},"excerpt":{"rendered":"<p>Sladka me\u0161anica, namenjena pripravi tradicionalnih francoskih brio\u0161, kruha in peciva dolgotrajne sve\u017eine. Koristi: Bogat, maslen okus in aroma Aroma citrusov Kratek ugriz Mehka sredina Tanka skorja Dolgotrajna sve\u017eina<\/p>\n","protected":false},"featured_media":6223,"template":"","meta":[],"product_brand":[],"product_cat":[116],"product_tag":[],"class_list":{"0":"post-5537","1":"product","2":"type-product","3":"status-publish","4":"has-post-thumbnail","6":"product_cat-sladke-mesanice","8":"first","9":"instock","10":"shipping-taxable","11":"product-type-simple"},"acf":[],"_links":{"self":[{"href":"https:\/\/www.pipfoodgroup.com\/sl\/wp-json\/wp\/v2\/product\/5537","targetHints":{"allow":["GET"]}}],"collection":[{"href":"https:\/\/www.pipfoodgroup.com\/sl\/wp-json\/wp\/v2\/product"}],"about":[{"href":"https:\/\/www.pipfoodgroup.com\/sl\/wp-json\/wp\/v2\/types\/product"}],"wp:featuredmedia":[{"embeddable":true,"href":"https:\/\/www.pipfoodgroup.com\/sl\/wp-json\/wp\/v2\/media\/6223"}],"wp:attachment":[{"href":"https:\/\/www.pipfoodgroup.com\/sl\/wp-json\/wp\/v2\/media?parent=5537"}],"wp:term":[{"taxonomy":"product_brand","embeddable":true,"href":"https:\/\/www.pipfoodgroup.com\/sl\/wp-json\/wp\/v2\/product_brand?post=5537"},{"taxonomy":"product_cat","embeddable":true,"href":"https:\/\/www.pipfoodgroup.com\/sl\/wp-json\/wp\/v2\/product_cat?post=5537"},{"taxonomy":"product_tag","embeddable":true,"href":"https:\/\/www.pipfoodgroup.com\/sl\/wp-json\/wp\/v2\/product_tag?post=5537"}],"curies":[{"name":"wp","href":"https:\/\/api.w.org\/{rel}","templated":true}]}}