{"id":5696,"date":"2024-12-11T09:32:23","date_gmt":"2024-12-11T09:32:23","guid":{"rendered":"https:\/\/www.pipfoodgroup.com\/proizvodi\/nordijska-mesanica\/"},"modified":"2025-05-19T07:29:20","modified_gmt":"2025-05-19T07:29:20","slug":"nordijska-mesanica","status":"publish","type":"product","link":"https:\/\/www.pipfoodgroup.com\/sl\/proizvodi\/nordijska-mesanica\/","title":{"rendered":"Nordijska me\u0161anica"},"content":{"rendered":"<p>Nordic Mix je koncentrirana me\u0161anica, namenjena za proizvodnjo kruha in peciva iz r\u017eene, ajdove in p\u0161eni\u010dne moke z dodatkom ovsenih kosmi\u010dev.<\/p>\n<h5>Koristi:<\/h5>\n<ul>\n<li>Bogata z vlakninami<\/li>\n<li>Odli\u010dna tekstura<\/li>\n<li>Poln okus<\/li>\n<\/ul>\n","protected":false},"excerpt":{"rendered":"<p>Nordic Mix je koncentrirana me\u0161anica, namenjena za proizvodnjo kruha in peciva iz r\u017eene, ajdove in p\u0161eni\u010dne moke z dodatkom ovsenih kosmi\u010dev. Koristi: Bogata z vlakninami Odli\u010dna tekstura Poln okus<\/p>\n","protected":false},"featured_media":6293,"template":"","meta":[],"product_brand":[],"product_cat":[118],"product_tag":[],"class_list":{"0":"post-5696","1":"product","2":"type-product","3":"status-publish","4":"has-post-thumbnail","6":"product_cat-koncentrirane-in-ze-pripravljene-mesanice","8":"first","9":"instock","10":"shipping-taxable","11":"product-type-simple"},"acf":[],"_links":{"self":[{"href":"https:\/\/www.pipfoodgroup.com\/sl\/wp-json\/wp\/v2\/product\/5696","targetHints":{"allow":["GET"]}}],"collection":[{"href":"https:\/\/www.pipfoodgroup.com\/sl\/wp-json\/wp\/v2\/product"}],"about":[{"href":"https:\/\/www.pipfoodgroup.com\/sl\/wp-json\/wp\/v2\/types\/product"}],"wp:featuredmedia":[{"embeddable":true,"href":"https:\/\/www.pipfoodgroup.com\/sl\/wp-json\/wp\/v2\/media\/6293"}],"wp:attachment":[{"href":"https:\/\/www.pipfoodgroup.com\/sl\/wp-json\/wp\/v2\/media?parent=5696"}],"wp:term":[{"taxonomy":"product_brand","embeddable":true,"href":"https:\/\/www.pipfoodgroup.com\/sl\/wp-json\/wp\/v2\/product_brand?post=5696"},{"taxonomy":"product_cat","embeddable":true,"href":"https:\/\/www.pipfoodgroup.com\/sl\/wp-json\/wp\/v2\/product_cat?post=5696"},{"taxonomy":"product_tag","embeddable":true,"href":"https:\/\/www.pipfoodgroup.com\/sl\/wp-json\/wp\/v2\/product_tag?post=5696"}],"curies":[{"name":"wp","href":"https:\/\/api.w.org\/{rel}","templated":true}]}}