{"id":5904,"date":"2025-04-01T08:47:02","date_gmt":"2025-04-01T08:47:02","guid":{"rendered":"https:\/\/www.pipfoodgroup.com\/proizvodi\/fillina-marelicni-nadev\/"},"modified":"2025-08-21T08:35:03","modified_gmt":"2025-08-21T08:35:03","slug":"fillina-marelicni-nadev","status":"publish","type":"product","link":"https:\/\/www.pipfoodgroup.com\/sl\/proizvodi\/fillina-marelicni-nadev\/","title":{"rendered":"Fillina mareli\u010dni nadev"},"content":{"rendered":"<p>Filina mareli\u010dno nadev ponuja visokokakovostno sadno nadev za peko. Mareli\u010dno sadno polnilo za industrijsko uporabo in pekovske izdelke.<\/p>\n<p style=\"padding-left: 40px;\"><strong>Zmagovalec velike zlate medalje na 92. Mednarodni kmetijski sejem.<\/strong><\/p>\n<h5>Prednosti:<\/h5>\n<ul>\n<li>Marelice 45%<\/li>\n<li>Termostabilen<\/li>\n<li>Kot nala\u0161\u010d za pite, listnato testo, kot nadev za torte, torte, pala\u010dinke, sadni jogurt in sladoled.<\/li>\n<\/ul>\n<p>&nbsp;<\/p>\n","protected":false},"excerpt":{"rendered":"<p>Filina mareli\u010dno nadev ponuja visokokakovostno sadno nadev za peko. Mareli\u010dno sadno polnilo za industrijsko uporabo in pekovske izdelke. Zmagovalec velike zlate medalje na 92. Mednarodni kmetijski sejem. Prednosti: Marelice 45% Termostabilen Kot nala\u0161\u010d za pite, listnato testo, kot nadev za torte, torte, pala\u010dinke, sadni jogurt in sladoled. &nbsp;<\/p>\n","protected":false},"featured_media":6370,"template":"","meta":[],"product_brand":[],"product_cat":[125],"product_tag":[161,162,163,164],"class_list":{"0":"post-5904","1":"product","2":"type-product","3":"status-publish","4":"has-post-thumbnail","6":"product_cat-fillina-sl","7":"product_tag-fillina-marelice","8":"product_tag-marelicno-polnjenje","9":"product_tag-marelicno-polnjenje-sl","10":"product_tag-marelicno-polnjenje-sl-2","12":"first","13":"instock","14":"shipping-taxable","15":"product-type-simple"},"acf":[],"_links":{"self":[{"href":"https:\/\/www.pipfoodgroup.com\/sl\/wp-json\/wp\/v2\/product\/5904","targetHints":{"allow":["GET"]}}],"collection":[{"href":"https:\/\/www.pipfoodgroup.com\/sl\/wp-json\/wp\/v2\/product"}],"about":[{"href":"https:\/\/www.pipfoodgroup.com\/sl\/wp-json\/wp\/v2\/types\/product"}],"wp:featuredmedia":[{"embeddable":true,"href":"https:\/\/www.pipfoodgroup.com\/sl\/wp-json\/wp\/v2\/media\/6370"}],"wp:attachment":[{"href":"https:\/\/www.pipfoodgroup.com\/sl\/wp-json\/wp\/v2\/media?parent=5904"}],"wp:term":[{"taxonomy":"product_brand","embeddable":true,"href":"https:\/\/www.pipfoodgroup.com\/sl\/wp-json\/wp\/v2\/product_brand?post=5904"},{"taxonomy":"product_cat","embeddable":true,"href":"https:\/\/www.pipfoodgroup.com\/sl\/wp-json\/wp\/v2\/product_cat?post=5904"},{"taxonomy":"product_tag","embeddable":true,"href":"https:\/\/www.pipfoodgroup.com\/sl\/wp-json\/wp\/v2\/product_tag?post=5904"}],"curies":[{"name":"wp","href":"https:\/\/api.w.org\/{rel}","templated":true}]}}