{"id":5912,"date":"2025-04-01T11:26:38","date_gmt":"2025-04-01T11:26:38","guid":{"rendered":"https:\/\/www.pipfoodgroup.com\/proizvodi\/fillina-malinov-nadev\/"},"modified":"2025-08-21T08:35:53","modified_gmt":"2025-08-21T08:35:53","slug":"fillina-malinov-nadev","status":"publish","type":"product","link":"https:\/\/www.pipfoodgroup.com\/sl\/proizvodi\/fillina-malinov-nadev\/","title":{"rendered":"Fillina malinov nadev"},"content":{"rendered":"<p>Malinovo nadev Filina ponuja kakovostno sadno nadev za peko. Nadev iz sadja maline za industrijsko uporabo in pekovske izdelke.<\/p>\n<p>&nbsp;<\/p>\n<p>&nbsp;<\/p>\n<p>&nbsp;<\/p>\n<p>&nbsp;<\/p>\n<p style=\"padding-left: 40px;\"><strong>Dobitnik velike zlate medalje na 92. mednarodnem kmetijskem sejmu. <\/strong><\/p>\n<h5>Prednosti:<\/h5>\n<ul>\n<li>malina 40%<\/li>\n<li>termostabilno polnjenje<\/li>\n<li>Kot nala\u0161\u010d za pite, listnato testo, kot nadev za torte, torte, pala\u010dinke, sadni jogurt in sladoled<\/li>\n<\/ul>\n","protected":false},"excerpt":{"rendered":"<p>Malinovo nadev Filina ponuja kakovostno sadno nadev za peko. Nadev iz sadja maline za industrijsko uporabo in pekovske izdelke. &nbsp; &nbsp; &nbsp; &nbsp; Dobitnik velike zlate medalje na 92. mednarodnem kmetijskem sejmu. Prednosti: malina 40% termostabilno polnjenje Kot nala\u0161\u010d za pite, listnato testo, kot nadev za torte, torte, pala\u010dinke, sadni jogurt in sladoled<\/p>\n","protected":false},"featured_media":6373,"template":"","meta":[],"product_brand":[],"product_cat":[125],"product_tag":[171,173,172],"class_list":{"0":"post-5912","1":"product","2":"type-product","3":"status-publish","4":"has-post-thumbnail","6":"product_cat-fillina-sl","7":"product_tag-fillina-malina-sl","8":"product_tag-nadev-iz-maline","9":"product_tag-nadev-za-maline","11":"first","12":"instock","13":"shipping-taxable","14":"product-type-simple"},"acf":[],"_links":{"self":[{"href":"https:\/\/www.pipfoodgroup.com\/sl\/wp-json\/wp\/v2\/product\/5912","targetHints":{"allow":["GET"]}}],"collection":[{"href":"https:\/\/www.pipfoodgroup.com\/sl\/wp-json\/wp\/v2\/product"}],"about":[{"href":"https:\/\/www.pipfoodgroup.com\/sl\/wp-json\/wp\/v2\/types\/product"}],"wp:featuredmedia":[{"embeddable":true,"href":"https:\/\/www.pipfoodgroup.com\/sl\/wp-json\/wp\/v2\/media\/6373"}],"wp:attachment":[{"href":"https:\/\/www.pipfoodgroup.com\/sl\/wp-json\/wp\/v2\/media?parent=5912"}],"wp:term":[{"taxonomy":"product_brand","embeddable":true,"href":"https:\/\/www.pipfoodgroup.com\/sl\/wp-json\/wp\/v2\/product_brand?post=5912"},{"taxonomy":"product_cat","embeddable":true,"href":"https:\/\/www.pipfoodgroup.com\/sl\/wp-json\/wp\/v2\/product_cat?post=5912"},{"taxonomy":"product_tag","embeddable":true,"href":"https:\/\/www.pipfoodgroup.com\/sl\/wp-json\/wp\/v2\/product_tag?post=5912"}],"curies":[{"name":"wp","href":"https:\/\/api.w.org\/{rel}","templated":true}]}}