{"id":5916,"date":"2025-04-01T11:45:09","date_gmt":"2025-04-01T11:45:09","guid":{"rendered":"https:\/\/www.pipfoodgroup.com\/proizvodi\/nadev-iz-marelice-fillina\/"},"modified":"2025-08-21T08:34:48","modified_gmt":"2025-08-21T08:34:48","slug":"nadev-iz-marelice-fillina","status":"publish","type":"product","link":"https:\/\/www.pipfoodgroup.com\/sl\/proizvodi\/nadev-iz-marelice-fillina\/","title":{"rendered":"Fillina nadev iz marelice"},"content":{"rendered":"<p>Fillina sadni nadev z marelico in jabolkom je namenjen polnjenju in \u0161irjenju gotovih pekovskih in sla\u0161\u010di\u010darskih izdelkov.<\/p>\n<p style=\"padding-left: 40px;\"><strong>Dobitnik velike zlate medalje na 92. mednarodnem kmetijskem sejmu. <\/strong><\/p>\n<h5>Prednosti:<\/h5>\n<ul>\n<li>hitra in enostavna priprava<\/li>\n<li>Prihranek \u010dasa in enakomerno dobra kakovost izdelkov<\/li>\n<\/ul>\n<p>&nbsp;<\/p>\n","protected":false},"excerpt":{"rendered":"<p>Fillina sadni nadev z marelico in jabolkom je namenjen polnjenju in \u0161irjenju gotovih pekovskih in sla\u0161\u010di\u010darskih izdelkov. Dobitnik velike zlate medalje na 92. mednarodnem kmetijskem sejmu. Prednosti: hitra in enostavna priprava Prihranek \u010dasa in enakomerno dobra kakovost izdelkov &nbsp;<\/p>\n","protected":false},"featured_media":6382,"template":"","meta":[],"product_brand":[],"product_cat":[125],"product_tag":[162,190],"class_list":{"0":"post-5916","1":"product","2":"type-product","3":"status-publish","4":"has-post-thumbnail","6":"product_cat-fillina-sl","7":"product_tag-marelicno-polnjenje","8":"product_tag-nadev-iz-marelice-fillina-sl","10":"first","11":"instock","12":"shipping-taxable","13":"product-type-simple"},"acf":[],"_links":{"self":[{"href":"https:\/\/www.pipfoodgroup.com\/sl\/wp-json\/wp\/v2\/product\/5916","targetHints":{"allow":["GET"]}}],"collection":[{"href":"https:\/\/www.pipfoodgroup.com\/sl\/wp-json\/wp\/v2\/product"}],"about":[{"href":"https:\/\/www.pipfoodgroup.com\/sl\/wp-json\/wp\/v2\/types\/product"}],"wp:featuredmedia":[{"embeddable":true,"href":"https:\/\/www.pipfoodgroup.com\/sl\/wp-json\/wp\/v2\/media\/6382"}],"wp:attachment":[{"href":"https:\/\/www.pipfoodgroup.com\/sl\/wp-json\/wp\/v2\/media?parent=5916"}],"wp:term":[{"taxonomy":"product_brand","embeddable":true,"href":"https:\/\/www.pipfoodgroup.com\/sl\/wp-json\/wp\/v2\/product_brand?post=5916"},{"taxonomy":"product_cat","embeddable":true,"href":"https:\/\/www.pipfoodgroup.com\/sl\/wp-json\/wp\/v2\/product_cat?post=5916"},{"taxonomy":"product_tag","embeddable":true,"href":"https:\/\/www.pipfoodgroup.com\/sl\/wp-json\/wp\/v2\/product_tag?post=5916"}],"curies":[{"name":"wp","href":"https:\/\/api.w.org\/{rel}","templated":true}]}}