{"id":6316,"date":"2024-07-26T07:59:50","date_gmt":"2024-07-26T07:59:50","guid":{"rendered":"https:\/\/www.pipfoodgroup.com\/proizvodi\/beljakovinska-mesanica\/"},"modified":"2025-05-20T06:40:43","modified_gmt":"2025-05-20T06:40:43","slug":"beljakovinska-mesanica","status":"publish","type":"product","link":"https:\/\/www.pipfoodgroup.com\/sl\/proizvodi\/beljakovinska-mesanica\/","title":{"rendered":"Beljakovinska me\u0161anica"},"content":{"rendered":"<p>Me\u0161anica, ki zagotavlja la\u017eje delo in enakomerno dobro kakovost kon\u010dnega izdelka. Izdelki so temno rjave barve, z zna\u010dilnim okusom in vonjem. <\/p>\n<h5>Koristi:<\/h5>\n<ul>\n<li>Kon\u010dni izdelek je bogat z beljakovinami in vlakninami<\/li>\n<li>Visoka vsebnost semen<\/li>\n<\/ul>\n","protected":false},"excerpt":{"rendered":"<p>Me\u0161anica, ki zagotavlja la\u017eje delo in enakomerno dobro kakovost kon\u010dnega izdelka. Izdelki so temno rjave barve, z zna\u010dilnim okusom in vonjem. Koristi: Kon\u010dni izdelek je bogat z beljakovinami in vlakninami Visoka vsebnost semen<\/p>\n","protected":false},"featured_media":6236,"template":"","meta":[],"product_brand":[],"product_cat":[100],"product_tag":[],"class_list":{"0":"post-6316","1":"product","2":"type-product","3":"status-publish","4":"has-post-thumbnail","6":"product_cat-clean-label-sl","8":"first","9":"instock","10":"shipping-taxable","11":"product-type-simple"},"acf":[],"_links":{"self":[{"href":"https:\/\/www.pipfoodgroup.com\/sl\/wp-json\/wp\/v2\/product\/6316","targetHints":{"allow":["GET"]}}],"collection":[{"href":"https:\/\/www.pipfoodgroup.com\/sl\/wp-json\/wp\/v2\/product"}],"about":[{"href":"https:\/\/www.pipfoodgroup.com\/sl\/wp-json\/wp\/v2\/types\/product"}],"wp:featuredmedia":[{"embeddable":true,"href":"https:\/\/www.pipfoodgroup.com\/sl\/wp-json\/wp\/v2\/media\/6236"}],"wp:attachment":[{"href":"https:\/\/www.pipfoodgroup.com\/sl\/wp-json\/wp\/v2\/media?parent=6316"}],"wp:term":[{"taxonomy":"product_brand","embeddable":true,"href":"https:\/\/www.pipfoodgroup.com\/sl\/wp-json\/wp\/v2\/product_brand?post=6316"},{"taxonomy":"product_cat","embeddable":true,"href":"https:\/\/www.pipfoodgroup.com\/sl\/wp-json\/wp\/v2\/product_cat?post=6316"},{"taxonomy":"product_tag","embeddable":true,"href":"https:\/\/www.pipfoodgroup.com\/sl\/wp-json\/wp\/v2\/product_tag?post=6316"}],"curies":[{"name":"wp","href":"https:\/\/api.w.org\/{rel}","templated":true}]}}