{"id":6330,"date":"2023-03-15T14:28:24","date_gmt":"2023-03-15T14:28:24","guid":{"rendered":"https:\/\/www.pipfoodgroup.com\/proizvodi\/rz-plus\/"},"modified":"2023-03-15T14:28:24","modified_gmt":"2023-03-15T14:28:24","slug":"rz-plus","status":"publish","type":"product","link":"https:\/\/www.pipfoodgroup.com\/sl\/proizvodi\/rz-plus\/","title":{"rendered":"R\u017e Plus"},"content":{"rendered":"<p>Koncentrirana me\u0161anica za pripravo me\u0161anih r\u017eenih vrst kruha in peciva.<\/p>\n<h5>Koristi:<\/h5>\n<ul>\n<li>Dobra uporabnost testa<\/li>\n<li>Mo\u017enost zapoznelega pe\u010denja<\/li>\n<li>To je dobra glasnost<\/li>\n<\/ul>\n","protected":false},"excerpt":{"rendered":"<p>Koncentrirana me\u0161anica za pripravo me\u0161anih r\u017eenih vrst kruha in peciva. Koristi: Dobra uporabnost testa Mo\u017enost zapoznelega pe\u010denja To je dobra glasnost<\/p>\n","protected":false},"featured_media":4549,"template":"","meta":[],"product_brand":[],"product_cat":[118],"product_tag":[],"class_list":{"0":"post-6330","1":"product","2":"type-product","3":"status-publish","4":"has-post-thumbnail","6":"product_cat-koncentrirane-in-ze-pripravljene-mesanice","8":"first","9":"instock","10":"shipping-taxable","11":"product-type-simple"},"acf":[],"_links":{"self":[{"href":"https:\/\/www.pipfoodgroup.com\/sl\/wp-json\/wp\/v2\/product\/6330","targetHints":{"allow":["GET"]}}],"collection":[{"href":"https:\/\/www.pipfoodgroup.com\/sl\/wp-json\/wp\/v2\/product"}],"about":[{"href":"https:\/\/www.pipfoodgroup.com\/sl\/wp-json\/wp\/v2\/types\/product"}],"wp:featuredmedia":[{"embeddable":true,"href":"https:\/\/www.pipfoodgroup.com\/sl\/wp-json\/wp\/v2\/media\/4549"}],"wp:attachment":[{"href":"https:\/\/www.pipfoodgroup.com\/sl\/wp-json\/wp\/v2\/media?parent=6330"}],"wp:term":[{"taxonomy":"product_brand","embeddable":true,"href":"https:\/\/www.pipfoodgroup.com\/sl\/wp-json\/wp\/v2\/product_brand?post=6330"},{"taxonomy":"product_cat","embeddable":true,"href":"https:\/\/www.pipfoodgroup.com\/sl\/wp-json\/wp\/v2\/product_cat?post=6330"},{"taxonomy":"product_tag","embeddable":true,"href":"https:\/\/www.pipfoodgroup.com\/sl\/wp-json\/wp\/v2\/product_tag?post=6330"}],"curies":[{"name":"wp","href":"https:\/\/api.w.org\/{rel}","templated":true}]}}