{"id":6570,"date":"2025-06-27T06:39:07","date_gmt":"2025-06-27T06:39:07","guid":{"rendered":"https:\/\/www.pipfoodgroup.com\/proizvodi\/osnova-bavarika-master-baker\/"},"modified":"2025-08-01T07:38:23","modified_gmt":"2025-08-01T07:38:23","slug":"osnova-bavarika-master-baker","status":"publish","type":"product","link":"https:\/\/www.pipfoodgroup.com\/sl\/proizvodi\/osnova-bavarika-master-baker\/","title":{"rendered":"Baza za bavarico \u2013 Master Baker"},"content":{"rendered":"<p>BAza za bavarico je teko\u010da raztopina za pripravo pekovskih izdelkov, priljubljenih bavarskih peciv (kot so \u017eemljice, prestice, pal\u010dke itd.). Z njeno uporabo se dose\u017ee lepa temno rjava barva, zna\u010dilna prijetna aroma in enakomerna, visoka kakovost kon\u010dnega izdelka.<\/p>\n<p>&nbsp;<\/p>\n","protected":false},"excerpt":{"rendered":"<p>BAza za bavarico je teko\u010da raztopina za pripravo pekovskih izdelkov, priljubljenih bavarskih peciv (kot so \u017eemljice, prestice, pal\u010dke itd.). Z njeno uporabo se dose\u017ee lepa temno rjava barva, zna\u010dilna prijetna aroma in enakomerna, visoka kakovost kon\u010dnega izdelka. &nbsp;<\/p>\n","protected":false},"featured_media":6595,"template":"","meta":[],"product_brand":[],"product_cat":[103],"product_tag":[],"class_list":{"0":"post-6570","1":"product","2":"type-product","3":"status-publish","4":"has-post-thumbnail","6":"product_cat-master-baker-sl","8":"first","9":"instock","10":"shipping-taxable","11":"product-type-simple"},"acf":[],"_links":{"self":[{"href":"https:\/\/www.pipfoodgroup.com\/sl\/wp-json\/wp\/v2\/product\/6570","targetHints":{"allow":["GET"]}}],"collection":[{"href":"https:\/\/www.pipfoodgroup.com\/sl\/wp-json\/wp\/v2\/product"}],"about":[{"href":"https:\/\/www.pipfoodgroup.com\/sl\/wp-json\/wp\/v2\/types\/product"}],"wp:featuredmedia":[{"embeddable":true,"href":"https:\/\/www.pipfoodgroup.com\/sl\/wp-json\/wp\/v2\/media\/6595"}],"wp:attachment":[{"href":"https:\/\/www.pipfoodgroup.com\/sl\/wp-json\/wp\/v2\/media?parent=6570"}],"wp:term":[{"taxonomy":"product_brand","embeddable":true,"href":"https:\/\/www.pipfoodgroup.com\/sl\/wp-json\/wp\/v2\/product_brand?post=6570"},{"taxonomy":"product_cat","embeddable":true,"href":"https:\/\/www.pipfoodgroup.com\/sl\/wp-json\/wp\/v2\/product_cat?post=6570"},{"taxonomy":"product_tag","embeddable":true,"href":"https:\/\/www.pipfoodgroup.com\/sl\/wp-json\/wp\/v2\/product_tag?post=6570"}],"curies":[{"name":"wp","href":"https:\/\/api.w.org\/{rel}","templated":true}]}}