{"id":6576,"date":"2025-06-27T06:58:16","date_gmt":"2025-06-27T06:58:16","guid":{"rendered":"https:\/\/www.pipfoodgroup.com\/proizvodi\/omaka-za-pico-master-baker\/"},"modified":"2025-08-01T07:34:04","modified_gmt":"2025-08-01T07:34:04","slug":"omaka-za-pico-master-baker","status":"publish","type":"product","link":"https:\/\/www.pipfoodgroup.com\/sl\/proizvodi\/omaka-za-pico-master-baker\/","title":{"rendered":"Pica omaka \u2013 Master Baker"},"content":{"rendered":"<p>Odli\u010dna izbira za profesionalne pekarske potrebe \u2013 idealna za pice, listnato testo in podobne izdelke. Omogo\u010da hitro in enostavno uporabo, prihranek \u010dasa ter enakomerno visoko kakovost. Zaradi stabilne teksture in bogatega okusa omaka prispeva k u\u010dinkoviti proizvodnji in vrhunskemu kon\u010dnemu izdelku.<\/p>\n","protected":false},"excerpt":{"rendered":"<p>Odli\u010dna izbira za profesionalne pekarske potrebe \u2013 idealna za pice, listnato testo in podobne izdelke. Omogo\u010da hitro in enostavno uporabo, prihranek \u010dasa ter enakomerno visoko kakovost. Zaradi stabilne teksture in bogatega okusa omaka prispeva k u\u010dinkoviti proizvodnji in vrhunskemu kon\u010dnemu izdelku.<\/p>\n","protected":false},"featured_media":6574,"template":"","meta":[],"product_brand":[],"product_cat":[103],"product_tag":[],"class_list":{"0":"post-6576","1":"product","2":"type-product","3":"status-publish","4":"has-post-thumbnail","6":"product_cat-master-baker-sl","8":"first","9":"instock","10":"shipping-taxable","11":"product-type-simple"},"acf":[],"_links":{"self":[{"href":"https:\/\/www.pipfoodgroup.com\/sl\/wp-json\/wp\/v2\/product\/6576","targetHints":{"allow":["GET"]}}],"collection":[{"href":"https:\/\/www.pipfoodgroup.com\/sl\/wp-json\/wp\/v2\/product"}],"about":[{"href":"https:\/\/www.pipfoodgroup.com\/sl\/wp-json\/wp\/v2\/types\/product"}],"wp:featuredmedia":[{"embeddable":true,"href":"https:\/\/www.pipfoodgroup.com\/sl\/wp-json\/wp\/v2\/media\/6574"}],"wp:attachment":[{"href":"https:\/\/www.pipfoodgroup.com\/sl\/wp-json\/wp\/v2\/media?parent=6576"}],"wp:term":[{"taxonomy":"product_brand","embeddable":true,"href":"https:\/\/www.pipfoodgroup.com\/sl\/wp-json\/wp\/v2\/product_brand?post=6576"},{"taxonomy":"product_cat","embeddable":true,"href":"https:\/\/www.pipfoodgroup.com\/sl\/wp-json\/wp\/v2\/product_cat?post=6576"},{"taxonomy":"product_tag","embeddable":true,"href":"https:\/\/www.pipfoodgroup.com\/sl\/wp-json\/wp\/v2\/product_tag?post=6576"}],"curies":[{"name":"wp","href":"https:\/\/api.w.org\/{rel}","templated":true}]}}