{"id":6582,"date":"2025-06-27T07:08:30","date_gmt":"2025-06-27T07:08:30","guid":{"rendered":"https:\/\/www.pipfoodgroup.com\/proizvodi\/krema-s-pistacijami-master-baker\/"},"modified":"2025-08-01T07:33:04","modified_gmt":"2025-08-01T07:33:04","slug":"krema-s-pistacijami-master-baker","status":"publish","type":"product","link":"https:\/\/www.pipfoodgroup.com\/sl\/proizvodi\/krema-s-pistacijami-master-baker\/","title":{"rendered":"Pistacijeva krema \u2013 Master Baker"},"content":{"rendered":"<p>Master Baker krema s pistacijami je gosta, mazljiva pistacijeva pasta z izrazito aromo in barvo, idealna za torte, nadeve, sladolede, kreme in vrhunske namaze. Namenjena je profesionalni uporabi v sla\u0161\u010di\u010darstvu in pekarstvu.<\/p>\n","protected":false},"excerpt":{"rendered":"<p>Master Baker krema s pistacijami je gosta, mazljiva pistacijeva pasta z izrazito aromo in barvo, idealna za torte, nadeve, sladolede, kreme in vrhunske namaze. Namenjena je profesionalni uporabi v sla\u0161\u010di\u010darstvu in pekarstvu.<\/p>\n","protected":false},"featured_media":6580,"template":"","meta":[],"product_brand":[],"product_cat":[103],"product_tag":[],"class_list":{"0":"post-6582","1":"product","2":"type-product","3":"status-publish","4":"has-post-thumbnail","6":"product_cat-master-baker-sl","8":"first","9":"instock","10":"shipping-taxable","11":"product-type-simple"},"acf":[],"_links":{"self":[{"href":"https:\/\/www.pipfoodgroup.com\/sl\/wp-json\/wp\/v2\/product\/6582","targetHints":{"allow":["GET"]}}],"collection":[{"href":"https:\/\/www.pipfoodgroup.com\/sl\/wp-json\/wp\/v2\/product"}],"about":[{"href":"https:\/\/www.pipfoodgroup.com\/sl\/wp-json\/wp\/v2\/types\/product"}],"wp:featuredmedia":[{"embeddable":true,"href":"https:\/\/www.pipfoodgroup.com\/sl\/wp-json\/wp\/v2\/media\/6580"}],"wp:attachment":[{"href":"https:\/\/www.pipfoodgroup.com\/sl\/wp-json\/wp\/v2\/media?parent=6582"}],"wp:term":[{"taxonomy":"product_brand","embeddable":true,"href":"https:\/\/www.pipfoodgroup.com\/sl\/wp-json\/wp\/v2\/product_brand?post=6582"},{"taxonomy":"product_cat","embeddable":true,"href":"https:\/\/www.pipfoodgroup.com\/sl\/wp-json\/wp\/v2\/product_cat?post=6582"},{"taxonomy":"product_tag","embeddable":true,"href":"https:\/\/www.pipfoodgroup.com\/sl\/wp-json\/wp\/v2\/product_tag?post=6582"}],"curies":[{"name":"wp","href":"https:\/\/api.w.org\/{rel}","templated":true}]}}